{"id":112,"date":"2017-01-13T11:11:44","date_gmt":"2017-01-13T10:11:44","guid":{"rendered":"http:\/\/www.jardinature.net\/wordp\/?page_id=112"},"modified":"2026-04-03T17:07:14","modified_gmt":"2026-04-03T15:07:14","slug":"soutenez-nous","status":"publish","type":"page","link":"https:\/\/www.maillon-gilly.be\/?page_id=112","title":{"rendered":"Soutenez-nous !"},"content":{"rendered":"<p align=\"center\">\n<p align=\"left\"><span style=\"font-size: large;\">Depuis 1979, l\u2019Asbl Le Maillon permet aux personnes handicap\u00e9es mentales adultes d\u2019acqu\u00e9rir un maximum d\u2019autonomie dans leur vie quotidienne, familiale, sociale et professionnelle.<\/span><\/p>\n<p align=\"left\"><span style=\"font-size: large;\">Le d\u00e9veloppement de nos divers projets n\u2019est possible que gr\u00e2ce \u00e0 la contribution et \u00e0 la fid\u00e9lit\u00e9 de nos nombreux donateurs. En effet, l\u2019important compl\u00e9ment de l\u2019aide priv\u00e9e repr\u00e9sente un apport indispensable \u00e0 la poursuite de nos activit\u00e9s.<\/span><\/p>\n<p align=\"left\"><span style=\"font-size: large;\"><u>Comment effectuer vos dons ?<\/u><br \/>\n&#8211; par le versement d\u2019une somme forfaitaire<br \/>\n&#8211; par un ordre permanent<\/span><\/p>\n<p align=\"left\"><span style=\"font-size: large;\">sur le compte BE81 0680 7167 3024 \u2013 BIC GKCCBEBB (BELFIUS BANK)<br \/>\n(communication : DON) <\/span><\/p>\n<p align=\"left\">\n<p align=\"left\"><span style=\"font-size: medium;\"><i>Une attestation fiscale vous sera d\u00e9livr\u00e9e pour un don de 40 euros et + ou fractionn\u00e9 sur un an. Au nom des r\u00e9sidents : un tr\u00e8s grand merci.<\/i><\/span><\/p>\n<p align=\"left\"><img loading=\"lazy\" class=\"alignnone size-full wp-image-537\" src=\"https:\/\/www.maillon-gilly.be\/wp-content\/uploads\/2026\/04\/Legs_duo01.jpg\" alt=\"\" width=\"639\" height=\"471\" srcset=\"https:\/\/www.maillon-gilly.be\/wp-content\/uploads\/2026\/04\/Legs_duo01.jpg 639w, https:\/\/www.maillon-gilly.be\/wp-content\/uploads\/2026\/04\/Legs_duo01-300x221.jpg 300w, https:\/\/www.maillon-gilly.be\/wp-content\/uploads\/2026\/04\/Legs_duo01-600x442.jpg 600w\" sizes=\"(max-width: 639px) 100vw, 639px\" \/><\/p>\n<p align=\"left\"><img loading=\"lazy\" class=\"alignnone size-full wp-image-538\" src=\"https:\/\/www.maillon-gilly.be\/wp-content\/uploads\/2026\/04\/Legs_duo02.jpg\" alt=\"\" width=\"638\" height=\"398\" srcset=\"https:\/\/www.maillon-gilly.be\/wp-content\/uploads\/2026\/04\/Legs_duo02.jpg 638w, https:\/\/www.maillon-gilly.be\/wp-content\/uploads\/2026\/04\/Legs_duo02-300x187.jpg 300w, https:\/\/www.maillon-gilly.be\/wp-content\/uploads\/2026\/04\/Legs_duo02-600x374.jpg 600w\" sizes=\"(max-width: 638px) 100vw, 638px\" \/><\/p>\n<p align=\"left\"><img loading=\"lazy\" class=\"alignnone size-full wp-image-539\" src=\"https:\/\/www.maillon-gilly.be\/wp-content\/uploads\/2026\/04\/Legs_duo03.jpg\" alt=\"\" width=\"637\" height=\"558\" srcset=\"https:\/\/www.maillon-gilly.be\/wp-content\/uploads\/2026\/04\/Legs_duo03.jpg 637w, https:\/\/www.maillon-gilly.be\/wp-content\/uploads\/2026\/04\/Legs_duo03-300x263.jpg 300w, https:\/\/www.maillon-gilly.be\/wp-content\/uploads\/2026\/04\/Legs_duo03-600x526.jpg 600w\" sizes=\"(max-width: 637px) 100vw, 637px\" \/><\/p>\n","protected":false},"excerpt":{"rendered":"<p>Depuis 1979, l\u2019Asbl Le Maillon permet aux personnes handicap\u00e9es mentales adultes d\u2019acqu\u00e9rir un maximum d\u2019autonomie dans leur vie quotidienne, familiale, sociale et professionnelle. Le d\u00e9veloppement de nos divers projets n\u2019est possible que gr\u00e2ce \u00e0 la contribution et \u00e0 la fid\u00e9lit\u00e9 de nos nombreux donateurs. En effet, l\u2019important compl\u00e9ment de l\u2019aide priv\u00e9e repr\u00e9sente un apport indispensable [&hellip;]<\/p>\n","protected":false},"author":1,"featured_media":0,"parent":0,"menu_order":0,"comment_status":"closed","ping_status":"closed","template":"","meta":[],"yoast_head":"<!-- This site is optimized with the Yoast SEO plugin v18.4.1 - https:\/\/yoast.com\/wordpress\/plugins\/seo\/ -->\n<title>Soutenez-nous ! - Le Maillon Asbl<\/title>\n<meta name=\"description\" content=\"Depuis 1979, l\u2019Asbl Le Maillon permet aux personnes handicap\u00e9es mentales adultes d\u2019acqu\u00e9rir un maximum d\u2019autonomie dans leur vie quotidienne, familiale, ...\" \/>\n<meta name=\"robots\" content=\"index, follow, max-snippet:-1, max-image-preview:large, max-video-preview:-1\" \/>\n<link rel=\"canonical\" href=\"https:\/\/www.maillon-gilly.be\/?page_id=112\" \/>\n<meta property=\"og:locale\" content=\"fr_FR\" \/>\n<meta property=\"og:type\" content=\"article\" \/>\n<meta property=\"og:title\" content=\"Soutenez-nous ! - Le Maillon Asbl\" \/>\n<meta property=\"og:description\" content=\"Depuis 1979, l\u2019Asbl Le Maillon permet aux personnes handicap\u00e9es mentales adultes d\u2019acqu\u00e9rir un maximum d\u2019autonomie dans leur vie quotidienne, familiale, ...\" \/>\n<meta property=\"og:url\" content=\"https:\/\/www.maillon-gilly.be\/?page_id=112\" \/>\n<meta property=\"og:site_name\" content=\"Le Maillon Asbl\" \/>\n<meta property=\"article:modified_time\" content=\"2026-04-03T15:07:14+00:00\" \/>\n<meta property=\"og:image\" content=\"https:\/\/www.maillon-gilly.be\/wp-content\/uploads\/2026\/04\/Legs_duo01.jpg\" \/>\n<meta name=\"twitter:label1\" content=\"Dur\u00e9e de lecture estim\u00e9e\" \/>\n\t<meta name=\"twitter:data1\" content=\"2 minutes\" \/>\n<script type=\"application\/ld+json\" class=\"yoast-schema-graph\">{\"@context\":\"https:\/\/schema.org\",\"@graph\":[{\"@type\":\"WebSite\",\"@id\":\"https:\/\/www.maillon-gilly.be\/#website\",\"url\":\"https:\/\/www.maillon-gilly.be\/\",\"name\":\"Le Maillon Asbl\",\"description\":\"Service r\u00e9sidentiel pour personnes adultes pr\u00e9sentant une d\u00e9ficience mentale\",\"potentialAction\":[{\"@type\":\"SearchAction\",\"target\":{\"@type\":\"EntryPoint\",\"urlTemplate\":\"https:\/\/www.maillon-gilly.be\/?s={search_term_string}\"},\"query-input\":\"required name=search_term_string\"}],\"inLanguage\":\"fr-FR\"},{\"@type\":\"ImageObject\",\"@id\":\"https:\/\/www.maillon-gilly.be\/?page_id=112#primaryimage\",\"inLanguage\":\"fr-FR\",\"url\":\"https:\/\/www.maillon-gilly.be\/wp-content\/uploads\/2026\/04\/Legs_duo01.jpg\",\"contentUrl\":\"https:\/\/www.maillon-gilly.be\/wp-content\/uploads\/2026\/04\/Legs_duo01.jpg\",\"width\":639,\"height\":471},{\"@type\":\"WebPage\",\"@id\":\"https:\/\/www.maillon-gilly.be\/?page_id=112#webpage\",\"url\":\"https:\/\/www.maillon-gilly.be\/?page_id=112\",\"name\":\"Soutenez-nous ! - Le Maillon Asbl\",\"isPartOf\":{\"@id\":\"https:\/\/www.maillon-gilly.be\/#website\"},\"primaryImageOfPage\":{\"@id\":\"https:\/\/www.maillon-gilly.be\/?page_id=112#primaryimage\"},\"datePublished\":\"2017-01-13T10:11:44+00:00\",\"dateModified\":\"2026-04-03T15:07:14+00:00\",\"description\":\"Depuis 1979, l\u2019Asbl Le Maillon permet aux personnes handicap\u00e9es mentales adultes d\u2019acqu\u00e9rir un maximum d\u2019autonomie dans leur vie quotidienne, familiale, ...\",\"breadcrumb\":{\"@id\":\"https:\/\/www.maillon-gilly.be\/?page_id=112#breadcrumb\"},\"inLanguage\":\"fr-FR\",\"potentialAction\":[{\"@type\":\"ReadAction\",\"target\":[\"https:\/\/www.maillon-gilly.be\/?page_id=112\"]}]},{\"@type\":\"BreadcrumbList\",\"@id\":\"https:\/\/www.maillon-gilly.be\/?page_id=112#breadcrumb\",\"itemListElement\":[{\"@type\":\"ListItem\",\"position\":1,\"name\":\"Accueil\",\"item\":\"https:\/\/www.maillon-gilly.be\/\"},{\"@type\":\"ListItem\",\"position\":2,\"name\":\"Soutenez-nous !\"}]}]}<\/script>\n<!-- \/ Yoast SEO plugin. -->","yoast_head_json":{"title":"Soutenez-nous ! - Le Maillon Asbl","description":"Depuis 1979, l\u2019Asbl Le Maillon permet aux personnes handicap\u00e9es mentales adultes d\u2019acqu\u00e9rir un maximum d\u2019autonomie dans leur vie quotidienne, familiale, ...","robots":{"index":"index","follow":"follow","max-snippet":"max-snippet:-1","max-image-preview":"max-image-preview:large","max-video-preview":"max-video-preview:-1"},"canonical":"https:\/\/www.maillon-gilly.be\/?page_id=112","og_locale":"fr_FR","og_type":"article","og_title":"Soutenez-nous ! - Le Maillon Asbl","og_description":"Depuis 1979, l\u2019Asbl Le Maillon permet aux personnes handicap\u00e9es mentales adultes d\u2019acqu\u00e9rir un maximum d\u2019autonomie dans leur vie quotidienne, familiale, ...","og_url":"https:\/\/www.maillon-gilly.be\/?page_id=112","og_site_name":"Le Maillon Asbl","article_modified_time":"2026-04-03T15:07:14+00:00","og_image":[{"url":"https:\/\/www.maillon-gilly.be\/wp-content\/uploads\/2026\/04\/Legs_duo01.jpg"}],"twitter_misc":{"Dur\u00e9e de lecture estim\u00e9e":"2 minutes"},"schema":{"@context":"https:\/\/schema.org","@graph":[{"@type":"WebSite","@id":"https:\/\/www.maillon-gilly.be\/#website","url":"https:\/\/www.maillon-gilly.be\/","name":"Le Maillon Asbl","description":"Service r\u00e9sidentiel pour personnes adultes pr\u00e9sentant une d\u00e9ficience mentale","potentialAction":[{"@type":"SearchAction","target":{"@type":"EntryPoint","urlTemplate":"https:\/\/www.maillon-gilly.be\/?s={search_term_string}"},"query-input":"required name=search_term_string"}],"inLanguage":"fr-FR"},{"@type":"ImageObject","@id":"https:\/\/www.maillon-gilly.be\/?page_id=112#primaryimage","inLanguage":"fr-FR","url":"https:\/\/www.maillon-gilly.be\/wp-content\/uploads\/2026\/04\/Legs_duo01.jpg","contentUrl":"https:\/\/www.maillon-gilly.be\/wp-content\/uploads\/2026\/04\/Legs_duo01.jpg","width":639,"height":471},{"@type":"WebPage","@id":"https:\/\/www.maillon-gilly.be\/?page_id=112#webpage","url":"https:\/\/www.maillon-gilly.be\/?page_id=112","name":"Soutenez-nous ! - Le Maillon Asbl","isPartOf":{"@id":"https:\/\/www.maillon-gilly.be\/#website"},"primaryImageOfPage":{"@id":"https:\/\/www.maillon-gilly.be\/?page_id=112#primaryimage"},"datePublished":"2017-01-13T10:11:44+00:00","dateModified":"2026-04-03T15:07:14+00:00","description":"Depuis 1979, l\u2019Asbl Le Maillon permet aux personnes handicap\u00e9es mentales adultes d\u2019acqu\u00e9rir un maximum d\u2019autonomie dans leur vie quotidienne, familiale, ...","breadcrumb":{"@id":"https:\/\/www.maillon-gilly.be\/?page_id=112#breadcrumb"},"inLanguage":"fr-FR","potentialAction":[{"@type":"ReadAction","target":["https:\/\/www.maillon-gilly.be\/?page_id=112"]}]},{"@type":"BreadcrumbList","@id":"https:\/\/www.maillon-gilly.be\/?page_id=112#breadcrumb","itemListElement":[{"@type":"ListItem","position":1,"name":"Accueil","item":"https:\/\/www.maillon-gilly.be\/"},{"@type":"ListItem","position":2,"name":"Soutenez-nous !"}]}]}},"_links":{"self":[{"href":"https:\/\/www.maillon-gilly.be\/index.php?rest_route=\/wp\/v2\/pages\/112"}],"collection":[{"href":"https:\/\/www.maillon-gilly.be\/index.php?rest_route=\/wp\/v2\/pages"}],"about":[{"href":"https:\/\/www.maillon-gilly.be\/index.php?rest_route=\/wp\/v2\/types\/page"}],"author":[{"embeddable":true,"href":"https:\/\/www.maillon-gilly.be\/index.php?rest_route=\/wp\/v2\/users\/1"}],"replies":[{"embeddable":true,"href":"https:\/\/www.maillon-gilly.be\/index.php?rest_route=%2Fwp%2Fv2%2Fcomments&post=112"}],"version-history":[{"count":6,"href":"https:\/\/www.maillon-gilly.be\/index.php?rest_route=\/wp\/v2\/pages\/112\/revisions"}],"predecessor-version":[{"id":540,"href":"https:\/\/www.maillon-gilly.be\/index.php?rest_route=\/wp\/v2\/pages\/112\/revisions\/540"}],"wp:attachment":[{"href":"https:\/\/www.maillon-gilly.be\/index.php?rest_route=%2Fwp%2Fv2%2Fmedia&parent=112"}],"curies":[{"name":"wp","href":"https:\/\/api.w.org\/{rel}","templated":true}]}}