{"id":121,"date":"2017-01-13T11:21:03","date_gmt":"2017-01-13T10:21:03","guid":{"rendered":"http:\/\/www.jardinature.net\/wordp\/?page_id=121"},"modified":"2026-04-03T16:47:06","modified_gmt":"2026-04-03T14:47:06","slug":"ateliers","status":"publish","type":"page","link":"https:\/\/www.maillon-gilly.be\/?page_id=121","title":{"rendered":"Ateliers"},"content":{"rendered":"<p>&nbsp;<\/p>\n<p align=\"left\"><span style=\"font-size: large;\">Des locaux d&rsquo;activit\u00e9s sont r\u00e9serv\u00e9s aux pensionnaires du service r\u00e9sidentiel et aux travailleurs inactifs (ch\u00f4mage, \u00e9cartement du travail, &#8230;)<br \/>\n&#8211; un atelier \u00ab\u00a0bois artisanal\u00a0\u00bb<br \/>\n&#8211; un atelier \u00ab\u00a0peinture\u00a0\u00bb<br \/>\n&#8211; un atelier \u00ab\u00a0c\u00e9ramique &#8211; poterie\u00a0\u00bb<br \/>\n&#8211; un atelier \u00ab\u00a0cuisine\u00a0\u00bb<br \/>\n&#8211; un atelier \u00ab\u00a0fabrication de bougies\u00a0\u00bb<br \/>\n&#8211; un atelier \u00ab\u00a0fabrication de papier\u00a0\u00bb<\/span><\/p>\n<p align=\"center\"><img loading=\"lazy\" src=\"http:\/\/www.maillon-gilly.be\/images\/maillon_ateliers01.jpg\" width=\"600\" height=\"450\" border=\"1\"><\/p>\n<p align=\"center\"><img loading=\"lazy\" src=\"http:\/\/www.maillon-gilly.be\/images\/maillon_ateliers02.jpg\" width=\"600\" height=\"450\" border=\"1\"><\/p>\n<p align=\"center\"><span style=\"font-size: large;\"><u>Atelier bougie : album photos<\/u><\/span><\/p>\n<div align=\"center\">\n&nbsp;<\/p>\n<table border=\"0\" width=\"95%\" cellspacing=\"0\" cellpadding=\"0\">\n<tbody>\n<tr>\n<td width=\"50%\">\n<p align=\"center\"><img loading=\"lazy\" src=\"http:\/\/www.maillon-gilly.be\/images\/Atelier_bougies01.JPG\" width=\"300\" height=\"400\" border=\"1\"><\/p>\n<\/td>\n<td width=\"50%\">\n<p align=\"center\"><img loading=\"lazy\" src=\"http:\/\/www.maillon-gilly.be\/images\/Atelier_bougies02.JPG\" width=\"300\" height=\"225\" border=\"1\"><\/p>\n<\/td>\n<\/tr>\n<\/tbody>\n<\/table>\n<p>&nbsp;<\/p>\n<\/div>\n<div align=\"center\">\n<p>&nbsp;<\/p>\n<table border=\"0\" width=\"95%\" cellspacing=\"0\" cellpadding=\"0\">\n<tbody>\n<tr>\n<td width=\"50%\">\n<p align=\"center\"><img loading=\"lazy\" src=\"http:\/\/www.maillon-gilly.be\/images\/Atelier_bricolage01.JPG\" width=\"300\" height=\"225\" border=\"1\"><\/p>\n<\/td>\n<td width=\"50%\">\n<p align=\"center\"><img loading=\"lazy\" src=\"http:\/\/www.maillon-gilly.be\/images\/Atelier_bricolage02.JPG\" width=\"300\" height=\"225\" border=\"1\"><\/p>\n<\/td>\n<\/tr>\n<\/tbody>\n<\/table>\n<p>&nbsp;<\/p>\n<\/div>\n","protected":false},"excerpt":{"rendered":"<p>&nbsp; Des locaux d&rsquo;activit\u00e9s sont r\u00e9serv\u00e9s aux pensionnaires du service r\u00e9sidentiel et aux travailleurs inactifs (ch\u00f4mage, \u00e9cartement du travail, &#8230;) &#8211; un atelier \u00ab\u00a0bois artisanal\u00a0\u00bb &#8211; un atelier \u00ab\u00a0peinture\u00a0\u00bb &#8211; un atelier \u00ab\u00a0c\u00e9ramique &#8211; poterie\u00a0\u00bb &#8211; un atelier \u00ab\u00a0cuisine\u00a0\u00bb &#8211; un atelier \u00ab\u00a0fabrication de bougies\u00a0\u00bb &#8211; un atelier \u00ab\u00a0fabrication de papier\u00a0\u00bb Atelier bougie : album [&hellip;]<\/p>\n","protected":false},"author":1,"featured_media":0,"parent":0,"menu_order":0,"comment_status":"closed","ping_status":"closed","template":"","meta":[],"yoast_head":"<!-- This site is optimized with the Yoast SEO plugin v18.4.1 - https:\/\/yoast.com\/wordpress\/plugins\/seo\/ -->\n<title>Ateliers - Le Maillon Asbl<\/title>\n<meta name=\"description\" content=\"Des locaux d&#039;activit\u00e9s sont r\u00e9serv\u00e9s aux pensionnaires du service r\u00e9sidentiel et aux travailleurs inactifs (ch\u00f4mage, \u00e9cartement du travail, ...)\" \/>\n<meta name=\"robots\" content=\"index, follow, max-snippet:-1, max-image-preview:large, max-video-preview:-1\" \/>\n<link rel=\"canonical\" href=\"https:\/\/www.maillon-gilly.be\/?page_id=121\" \/>\n<meta property=\"og:locale\" content=\"fr_FR\" \/>\n<meta property=\"og:type\" content=\"article\" \/>\n<meta property=\"og:title\" content=\"Ateliers - Le Maillon Asbl\" \/>\n<meta property=\"og:description\" content=\"Des locaux d&#039;activit\u00e9s sont r\u00e9serv\u00e9s aux pensionnaires du service r\u00e9sidentiel et aux travailleurs inactifs (ch\u00f4mage, \u00e9cartement du travail, ...)\" \/>\n<meta property=\"og:url\" content=\"https:\/\/www.maillon-gilly.be\/?page_id=121\" \/>\n<meta property=\"og:site_name\" content=\"Le Maillon Asbl\" \/>\n<meta property=\"article:modified_time\" content=\"2026-04-03T14:47:06+00:00\" \/>\n<meta property=\"og:image\" content=\"http:\/\/www.maillon-gilly.be\/images\/maillon_ateliers01.jpg\" \/>\n<meta name=\"twitter:label1\" content=\"Dur\u00e9e de lecture estim\u00e9e\" \/>\n\t<meta name=\"twitter:data1\" content=\"2 minutes\" \/>\n<script type=\"application\/ld+json\" class=\"yoast-schema-graph\">{\"@context\":\"https:\/\/schema.org\",\"@graph\":[{\"@type\":\"WebSite\",\"@id\":\"https:\/\/www.maillon-gilly.be\/#website\",\"url\":\"https:\/\/www.maillon-gilly.be\/\",\"name\":\"Le Maillon Asbl\",\"description\":\"Service r\u00e9sidentiel pour personnes adultes pr\u00e9sentant une d\u00e9ficience mentale\",\"potentialAction\":[{\"@type\":\"SearchAction\",\"target\":{\"@type\":\"EntryPoint\",\"urlTemplate\":\"https:\/\/www.maillon-gilly.be\/?s={search_term_string}\"},\"query-input\":\"required name=search_term_string\"}],\"inLanguage\":\"fr-FR\"},{\"@type\":\"ImageObject\",\"@id\":\"https:\/\/www.maillon-gilly.be\/?page_id=121#primaryimage\",\"inLanguage\":\"fr-FR\",\"url\":\"http:\/\/www.maillon-gilly.be\/images\/maillon_ateliers01.jpg\",\"contentUrl\":\"http:\/\/www.maillon-gilly.be\/images\/maillon_ateliers01.jpg\"},{\"@type\":\"WebPage\",\"@id\":\"https:\/\/www.maillon-gilly.be\/?page_id=121#webpage\",\"url\":\"https:\/\/www.maillon-gilly.be\/?page_id=121\",\"name\":\"Ateliers - Le Maillon Asbl\",\"isPartOf\":{\"@id\":\"https:\/\/www.maillon-gilly.be\/#website\"},\"primaryImageOfPage\":{\"@id\":\"https:\/\/www.maillon-gilly.be\/?page_id=121#primaryimage\"},\"datePublished\":\"2017-01-13T10:21:03+00:00\",\"dateModified\":\"2026-04-03T14:47:06+00:00\",\"description\":\"Des locaux d'activit\u00e9s sont r\u00e9serv\u00e9s aux pensionnaires du service r\u00e9sidentiel et aux travailleurs inactifs (ch\u00f4mage, \u00e9cartement du travail, ...)\",\"breadcrumb\":{\"@id\":\"https:\/\/www.maillon-gilly.be\/?page_id=121#breadcrumb\"},\"inLanguage\":\"fr-FR\",\"potentialAction\":[{\"@type\":\"ReadAction\",\"target\":[\"https:\/\/www.maillon-gilly.be\/?page_id=121\"]}]},{\"@type\":\"BreadcrumbList\",\"@id\":\"https:\/\/www.maillon-gilly.be\/?page_id=121#breadcrumb\",\"itemListElement\":[{\"@type\":\"ListItem\",\"position\":1,\"name\":\"Accueil\",\"item\":\"https:\/\/www.maillon-gilly.be\/\"},{\"@type\":\"ListItem\",\"position\":2,\"name\":\"Ateliers\"}]}]}<\/script>\n<!-- \/ Yoast SEO plugin. -->","yoast_head_json":{"title":"Ateliers - Le Maillon Asbl","description":"Des locaux d'activit\u00e9s sont r\u00e9serv\u00e9s aux pensionnaires du service r\u00e9sidentiel et aux travailleurs inactifs (ch\u00f4mage, \u00e9cartement du travail, ...)","robots":{"index":"index","follow":"follow","max-snippet":"max-snippet:-1","max-image-preview":"max-image-preview:large","max-video-preview":"max-video-preview:-1"},"canonical":"https:\/\/www.maillon-gilly.be\/?page_id=121","og_locale":"fr_FR","og_type":"article","og_title":"Ateliers - Le Maillon Asbl","og_description":"Des locaux d'activit\u00e9s sont r\u00e9serv\u00e9s aux pensionnaires du service r\u00e9sidentiel et aux travailleurs inactifs (ch\u00f4mage, \u00e9cartement du travail, ...)","og_url":"https:\/\/www.maillon-gilly.be\/?page_id=121","og_site_name":"Le Maillon Asbl","article_modified_time":"2026-04-03T14:47:06+00:00","og_image":[{"url":"http:\/\/www.maillon-gilly.be\/images\/maillon_ateliers01.jpg"}],"twitter_misc":{"Dur\u00e9e de lecture estim\u00e9e":"2 minutes"},"schema":{"@context":"https:\/\/schema.org","@graph":[{"@type":"WebSite","@id":"https:\/\/www.maillon-gilly.be\/#website","url":"https:\/\/www.maillon-gilly.be\/","name":"Le Maillon Asbl","description":"Service r\u00e9sidentiel pour personnes adultes pr\u00e9sentant une d\u00e9ficience mentale","potentialAction":[{"@type":"SearchAction","target":{"@type":"EntryPoint","urlTemplate":"https:\/\/www.maillon-gilly.be\/?s={search_term_string}"},"query-input":"required name=search_term_string"}],"inLanguage":"fr-FR"},{"@type":"ImageObject","@id":"https:\/\/www.maillon-gilly.be\/?page_id=121#primaryimage","inLanguage":"fr-FR","url":"http:\/\/www.maillon-gilly.be\/images\/maillon_ateliers01.jpg","contentUrl":"http:\/\/www.maillon-gilly.be\/images\/maillon_ateliers01.jpg"},{"@type":"WebPage","@id":"https:\/\/www.maillon-gilly.be\/?page_id=121#webpage","url":"https:\/\/www.maillon-gilly.be\/?page_id=121","name":"Ateliers - Le Maillon Asbl","isPartOf":{"@id":"https:\/\/www.maillon-gilly.be\/#website"},"primaryImageOfPage":{"@id":"https:\/\/www.maillon-gilly.be\/?page_id=121#primaryimage"},"datePublished":"2017-01-13T10:21:03+00:00","dateModified":"2026-04-03T14:47:06+00:00","description":"Des locaux d'activit\u00e9s sont r\u00e9serv\u00e9s aux pensionnaires du service r\u00e9sidentiel et aux travailleurs inactifs (ch\u00f4mage, \u00e9cartement du travail, ...)","breadcrumb":{"@id":"https:\/\/www.maillon-gilly.be\/?page_id=121#breadcrumb"},"inLanguage":"fr-FR","potentialAction":[{"@type":"ReadAction","target":["https:\/\/www.maillon-gilly.be\/?page_id=121"]}]},{"@type":"BreadcrumbList","@id":"https:\/\/www.maillon-gilly.be\/?page_id=121#breadcrumb","itemListElement":[{"@type":"ListItem","position":1,"name":"Accueil","item":"https:\/\/www.maillon-gilly.be\/"},{"@type":"ListItem","position":2,"name":"Ateliers"}]}]}},"_links":{"self":[{"href":"https:\/\/www.maillon-gilly.be\/index.php?rest_route=\/wp\/v2\/pages\/121"}],"collection":[{"href":"https:\/\/www.maillon-gilly.be\/index.php?rest_route=\/wp\/v2\/pages"}],"about":[{"href":"https:\/\/www.maillon-gilly.be\/index.php?rest_route=\/wp\/v2\/types\/page"}],"author":[{"embeddable":true,"href":"https:\/\/www.maillon-gilly.be\/index.php?rest_route=\/wp\/v2\/users\/1"}],"replies":[{"embeddable":true,"href":"https:\/\/www.maillon-gilly.be\/index.php?rest_route=%2Fwp%2Fv2%2Fcomments&post=121"}],"version-history":[{"count":8,"href":"https:\/\/www.maillon-gilly.be\/index.php?rest_route=\/wp\/v2\/pages\/121\/revisions"}],"predecessor-version":[{"id":532,"href":"https:\/\/www.maillon-gilly.be\/index.php?rest_route=\/wp\/v2\/pages\/121\/revisions\/532"}],"wp:attachment":[{"href":"https:\/\/www.maillon-gilly.be\/index.php?rest_route=%2Fwp%2Fv2%2Fmedia&parent=121"}],"curies":[{"name":"wp","href":"https:\/\/api.w.org\/{rel}","templated":true}]}}