{"id":127,"date":"2017-01-13T11:29:14","date_gmt":"2017-01-13T10:29:14","guid":{"rendered":"http:\/\/www.jardinature.net\/wordp\/?page_id=127"},"modified":"2026-04-03T16:47:33","modified_gmt":"2026-04-03T14:47:33","slug":"activites","status":"publish","type":"page","link":"https:\/\/www.maillon-gilly.be\/?page_id=127","title":{"rendered":"Activit\u00e9s"},"content":{"rendered":"<p align=\"left\"><span style=\"font-size: large;\"><u><span style=\"color: #008000;\">Sport<\/span><\/u><\/span><\/p>\n<p align=\"left\"><span style=\"font-size: large;\">Le Maillon fr\u00e9quente<\/span><\/p>\n<p align=\"left\"><span style=\"font-size: large;\"><br \/>\n\u2022 le Centre sportif de l&rsquo;ECIPH \u00e0 la rue de l&rsquo;Ancre \u00e0 Charleroi<br \/>\n\u2022 le bowling&nbsp; de Charleroi<\/span><\/p>\n<p align=\"left\"><img loading=\"lazy\" id=\"i_cd01j4440\" class=\"icd01j4440 img_on_dim\" src=\"http:\/\/busilook.com\/profiles\/images\/3\/13\/133934822\/s\/cd01j4440.jpg\" width=\"248\" height=\"165\" border=\"1\"><\/p>\n<p align=\"left\"><span style=\"font-size: large;\"> \u2022 le man\u00e8ge \u00ab\u00a0Le Ranch du Terril\u00a0\u00bb \u00e0 Marchienne-au-Pont<br \/>\n<a href=\"http:\/\/www.ranch-du-terril.be\/\" target=\"_blank\" rel=\"noopener\"><span style=\"color: #0066cc;\">www.ranch-du-terril.be<\/span><\/a><\/span><\/p>\n<table style=\"width: 594px;\">\n<tbody>\n<tr style=\"height: 225px;\">\n<td style=\"width: 299.25px; height: 225px;\"><img loading=\"lazy\" class=\"wp-image-268 size-medium\" src=\"http:\/\/www.maillon-gilly.be\/wp-content\/uploads\/2017\/01\/Equitation04-300x225.jpg\" width=\"300\" height=\"225\" srcset=\"https:\/\/www.maillon-gilly.be\/wp-content\/uploads\/2017\/01\/Equitation04-300x225.jpg 300w, https:\/\/www.maillon-gilly.be\/wp-content\/uploads\/2017\/01\/Equitation04-768x576.jpg 768w, https:\/\/www.maillon-gilly.be\/wp-content\/uploads\/2017\/01\/Equitation04.jpg 800w\" sizes=\"(max-width: 300px) 100vw, 300px\" \/><\/td>\n<td style=\"width: 305.75px; height: 225px;\"><img loading=\"lazy\" class=\"size-medium wp-image-267\" src=\"http:\/\/www.maillon-gilly.be\/wp-content\/uploads\/2017\/01\/Equitation03-300x225.jpg\" alt=\"\" width=\"300\" height=\"225\" srcset=\"https:\/\/www.maillon-gilly.be\/wp-content\/uploads\/2017\/01\/Equitation03-300x225.jpg 300w, https:\/\/www.maillon-gilly.be\/wp-content\/uploads\/2017\/01\/Equitation03-768x576.jpg 768w, https:\/\/www.maillon-gilly.be\/wp-content\/uploads\/2017\/01\/Equitation03.jpg 800w\" sizes=\"(max-width: 300px) 100vw, 300px\" \/><\/td>\n<\/tr>\n<tr style=\"height: 225.35px;\">\n<td style=\"width: 299.25px; height: 225.35px;\"><img loading=\"lazy\" class=\"wp-image-266 size-medium\" src=\"http:\/\/www.maillon-gilly.be\/wp-content\/uploads\/2017\/01\/Equitation02-300x225.jpg\" width=\"300\" height=\"225\" srcset=\"https:\/\/www.maillon-gilly.be\/wp-content\/uploads\/2017\/01\/Equitation02-300x225.jpg 300w, https:\/\/www.maillon-gilly.be\/wp-content\/uploads\/2017\/01\/Equitation02-768x576.jpg 768w, https:\/\/www.maillon-gilly.be\/wp-content\/uploads\/2017\/01\/Equitation02.jpg 800w\" sizes=\"(max-width: 300px) 100vw, 300px\" \/><\/td>\n<td style=\"width: 305.75px; height: 225.35px;\"><img loading=\"lazy\" class=\"size-medium wp-image-265\" src=\"http:\/\/www.maillon-gilly.be\/wp-content\/uploads\/2017\/01\/Equitation01-300x225.jpg\" alt=\"\" width=\"300\" height=\"225\" srcset=\"https:\/\/www.maillon-gilly.be\/wp-content\/uploads\/2017\/01\/Equitation01-300x225.jpg 300w, https:\/\/www.maillon-gilly.be\/wp-content\/uploads\/2017\/01\/Equitation01-768x576.jpg 768w, https:\/\/www.maillon-gilly.be\/wp-content\/uploads\/2017\/01\/Equitation01.jpg 800w\" sizes=\"(max-width: 300px) 100vw, 300px\" \/><\/td>\n<\/tr>\n<\/tbody>\n<\/table>\n<p align=\"left\"><span style=\"color: #008000; font-size: large;\"><u>Culture<\/u><\/span><\/p>\n<p align=\"left\"><span style=\"font-size: large;\">Nous avons \u00e0 notre disposition :<\/span><\/p>\n<p align=\"left\"><span style=\"font-size: large;\">\u2022 le Temps Choisi<br \/>\n\u2022 l&rsquo;H\u00f4tel de Ville de Charleroi<br \/>\n\u2022 le Palais des Beaux Arts<br \/>\n\u2022 le Palais des expositions<br \/>\n\u2022 les cin\u00e9mas du Centre Charleroi et Carollywood<br \/>\n\u2022 le Th\u00e9\u00e2tre de l&rsquo;Ancre.<\/span><\/p>\n<p align=\"left\"><span style=\"color: #008000; font-size: large;\"><u>Jardinage<\/u><\/span><\/p>\n<p align=\"left\"><span style=\"font-size: large;\">Potager en carr\u00e9 sur pied &gt;&gt;&gt; <a href=\"?p=193\" target=\"_top\" rel=\"noopener\"><span style=\"color: #0066cc;\">Lire l&rsquo;article<\/span><\/a>&nbsp;<\/span><\/p>\n<p align=\"left\"><span style=\"color: #008000; font-size: large;\"><u>Journ\u00e9es inter-institutionnelles<\/u><\/span><\/p>\n<p align=\"left\"><span style=\"font-size: large;\">\u2022 Carnaval, journ\u00e9e \u00e0 th\u00e8me, de rencontre ou \u00e0 caract\u00e8re sportif.<br \/>\n<\/span><\/p>\n","protected":false},"excerpt":{"rendered":"<p>Sport Le Maillon fr\u00e9quente \u2022 le Centre sportif de l&rsquo;ECIPH \u00e0 la rue de l&rsquo;Ancre \u00e0 Charleroi \u2022 le bowling&nbsp; de Charleroi \u2022 le man\u00e8ge \u00ab\u00a0Le Ranch du Terril\u00a0\u00bb \u00e0 Marchienne-au-Pont www.ranch-du-terril.be Culture Nous avons \u00e0 notre disposition : \u2022 le Temps Choisi \u2022 l&rsquo;H\u00f4tel de Ville de Charleroi \u2022 le Palais des Beaux Arts [&hellip;]<\/p>\n","protected":false},"author":1,"featured_media":0,"parent":0,"menu_order":0,"comment_status":"closed","ping_status":"closed","template":"","meta":[],"yoast_head":"<!-- This site is optimized with the Yoast SEO plugin v18.4.1 - https:\/\/yoast.com\/wordpress\/plugins\/seo\/ -->\n<title>Activit\u00e9s - Le Maillon Asbl<\/title>\n<meta name=\"description\" content=\"Au niveau sportif, le Maillon fr\u00e9quente le Centre sportif de l&#039;ECIPH \u00e0 Charleroi, le bowling de Charleroi, le man\u00e8ge Le Ranch du Terril \u00e0 Marchienne-au-Pont\" \/>\n<meta name=\"robots\" content=\"index, follow, max-snippet:-1, max-image-preview:large, max-video-preview:-1\" \/>\n<link rel=\"canonical\" href=\"https:\/\/www.maillon-gilly.be\/?page_id=127\" \/>\n<meta property=\"og:locale\" content=\"fr_FR\" \/>\n<meta property=\"og:type\" content=\"article\" \/>\n<meta property=\"og:title\" content=\"Activit\u00e9s - Le Maillon Asbl\" \/>\n<meta property=\"og:description\" content=\"Au niveau sportif, le Maillon fr\u00e9quente le Centre sportif de l&#039;ECIPH \u00e0 Charleroi, le bowling de Charleroi, le man\u00e8ge Le Ranch du Terril \u00e0 Marchienne-au-Pont\" \/>\n<meta property=\"og:url\" content=\"https:\/\/www.maillon-gilly.be\/?page_id=127\" \/>\n<meta property=\"og:site_name\" content=\"Le Maillon Asbl\" \/>\n<meta property=\"article:modified_time\" content=\"2026-04-03T14:47:33+00:00\" \/>\n<meta property=\"og:image\" content=\"http:\/\/busilook.com\/profiles\/images\/3\/13\/133934822\/s\/cd01j4440.jpg\" \/>\n<meta name=\"twitter:label1\" content=\"Dur\u00e9e de lecture estim\u00e9e\" \/>\n\t<meta name=\"twitter:data1\" content=\"2 minutes\" \/>\n<script type=\"application\/ld+json\" class=\"yoast-schema-graph\">{\"@context\":\"https:\/\/schema.org\",\"@graph\":[{\"@type\":\"WebSite\",\"@id\":\"https:\/\/www.maillon-gilly.be\/#website\",\"url\":\"https:\/\/www.maillon-gilly.be\/\",\"name\":\"Le Maillon Asbl\",\"description\":\"Service r\u00e9sidentiel pour personnes adultes pr\u00e9sentant une d\u00e9ficience mentale\",\"potentialAction\":[{\"@type\":\"SearchAction\",\"target\":{\"@type\":\"EntryPoint\",\"urlTemplate\":\"https:\/\/www.maillon-gilly.be\/?s={search_term_string}\"},\"query-input\":\"required name=search_term_string\"}],\"inLanguage\":\"fr-FR\"},{\"@type\":\"ImageObject\",\"@id\":\"https:\/\/www.maillon-gilly.be\/?page_id=127#primaryimage\",\"inLanguage\":\"fr-FR\",\"url\":\"http:\/\/busilook.com\/profiles\/images\/3\/13\/133934822\/s\/cd01j4440.jpg\",\"contentUrl\":\"http:\/\/busilook.com\/profiles\/images\/3\/13\/133934822\/s\/cd01j4440.jpg\"},{\"@type\":\"WebPage\",\"@id\":\"https:\/\/www.maillon-gilly.be\/?page_id=127#webpage\",\"url\":\"https:\/\/www.maillon-gilly.be\/?page_id=127\",\"name\":\"Activit\u00e9s - Le Maillon Asbl\",\"isPartOf\":{\"@id\":\"https:\/\/www.maillon-gilly.be\/#website\"},\"primaryImageOfPage\":{\"@id\":\"https:\/\/www.maillon-gilly.be\/?page_id=127#primaryimage\"},\"datePublished\":\"2017-01-13T10:29:14+00:00\",\"dateModified\":\"2026-04-03T14:47:33+00:00\",\"description\":\"Au niveau sportif, le Maillon fr\u00e9quente le Centre sportif de l'ECIPH \u00e0 Charleroi, le bowling de Charleroi, le man\u00e8ge Le Ranch du Terril \u00e0 Marchienne-au-Pont\",\"breadcrumb\":{\"@id\":\"https:\/\/www.maillon-gilly.be\/?page_id=127#breadcrumb\"},\"inLanguage\":\"fr-FR\",\"potentialAction\":[{\"@type\":\"ReadAction\",\"target\":[\"https:\/\/www.maillon-gilly.be\/?page_id=127\"]}]},{\"@type\":\"BreadcrumbList\",\"@id\":\"https:\/\/www.maillon-gilly.be\/?page_id=127#breadcrumb\",\"itemListElement\":[{\"@type\":\"ListItem\",\"position\":1,\"name\":\"Accueil\",\"item\":\"https:\/\/www.maillon-gilly.be\/\"},{\"@type\":\"ListItem\",\"position\":2,\"name\":\"Activit\u00e9s\"}]}]}<\/script>\n<!-- \/ Yoast SEO plugin. -->","yoast_head_json":{"title":"Activit\u00e9s - Le Maillon Asbl","description":"Au niveau sportif, le Maillon fr\u00e9quente le Centre sportif de l'ECIPH \u00e0 Charleroi, le bowling de Charleroi, le man\u00e8ge Le Ranch du Terril \u00e0 Marchienne-au-Pont","robots":{"index":"index","follow":"follow","max-snippet":"max-snippet:-1","max-image-preview":"max-image-preview:large","max-video-preview":"max-video-preview:-1"},"canonical":"https:\/\/www.maillon-gilly.be\/?page_id=127","og_locale":"fr_FR","og_type":"article","og_title":"Activit\u00e9s - Le Maillon Asbl","og_description":"Au niveau sportif, le Maillon fr\u00e9quente le Centre sportif de l'ECIPH \u00e0 Charleroi, le bowling de Charleroi, le man\u00e8ge Le Ranch du Terril \u00e0 Marchienne-au-Pont","og_url":"https:\/\/www.maillon-gilly.be\/?page_id=127","og_site_name":"Le Maillon Asbl","article_modified_time":"2026-04-03T14:47:33+00:00","og_image":[{"url":"http:\/\/busilook.com\/profiles\/images\/3\/13\/133934822\/s\/cd01j4440.jpg"}],"twitter_misc":{"Dur\u00e9e de lecture estim\u00e9e":"2 minutes"},"schema":{"@context":"https:\/\/schema.org","@graph":[{"@type":"WebSite","@id":"https:\/\/www.maillon-gilly.be\/#website","url":"https:\/\/www.maillon-gilly.be\/","name":"Le Maillon Asbl","description":"Service r\u00e9sidentiel pour personnes adultes pr\u00e9sentant une d\u00e9ficience mentale","potentialAction":[{"@type":"SearchAction","target":{"@type":"EntryPoint","urlTemplate":"https:\/\/www.maillon-gilly.be\/?s={search_term_string}"},"query-input":"required name=search_term_string"}],"inLanguage":"fr-FR"},{"@type":"ImageObject","@id":"https:\/\/www.maillon-gilly.be\/?page_id=127#primaryimage","inLanguage":"fr-FR","url":"http:\/\/busilook.com\/profiles\/images\/3\/13\/133934822\/s\/cd01j4440.jpg","contentUrl":"http:\/\/busilook.com\/profiles\/images\/3\/13\/133934822\/s\/cd01j4440.jpg"},{"@type":"WebPage","@id":"https:\/\/www.maillon-gilly.be\/?page_id=127#webpage","url":"https:\/\/www.maillon-gilly.be\/?page_id=127","name":"Activit\u00e9s - Le Maillon Asbl","isPartOf":{"@id":"https:\/\/www.maillon-gilly.be\/#website"},"primaryImageOfPage":{"@id":"https:\/\/www.maillon-gilly.be\/?page_id=127#primaryimage"},"datePublished":"2017-01-13T10:29:14+00:00","dateModified":"2026-04-03T14:47:33+00:00","description":"Au niveau sportif, le Maillon fr\u00e9quente le Centre sportif de l'ECIPH \u00e0 Charleroi, le bowling de Charleroi, le man\u00e8ge Le Ranch du Terril \u00e0 Marchienne-au-Pont","breadcrumb":{"@id":"https:\/\/www.maillon-gilly.be\/?page_id=127#breadcrumb"},"inLanguage":"fr-FR","potentialAction":[{"@type":"ReadAction","target":["https:\/\/www.maillon-gilly.be\/?page_id=127"]}]},{"@type":"BreadcrumbList","@id":"https:\/\/www.maillon-gilly.be\/?page_id=127#breadcrumb","itemListElement":[{"@type":"ListItem","position":1,"name":"Accueil","item":"https:\/\/www.maillon-gilly.be\/"},{"@type":"ListItem","position":2,"name":"Activit\u00e9s"}]}]}},"_links":{"self":[{"href":"https:\/\/www.maillon-gilly.be\/index.php?rest_route=\/wp\/v2\/pages\/127"}],"collection":[{"href":"https:\/\/www.maillon-gilly.be\/index.php?rest_route=\/wp\/v2\/pages"}],"about":[{"href":"https:\/\/www.maillon-gilly.be\/index.php?rest_route=\/wp\/v2\/types\/page"}],"author":[{"embeddable":true,"href":"https:\/\/www.maillon-gilly.be\/index.php?rest_route=\/wp\/v2\/users\/1"}],"replies":[{"embeddable":true,"href":"https:\/\/www.maillon-gilly.be\/index.php?rest_route=%2Fwp%2Fv2%2Fcomments&post=127"}],"version-history":[{"count":20,"href":"https:\/\/www.maillon-gilly.be\/index.php?rest_route=\/wp\/v2\/pages\/127\/revisions"}],"predecessor-version":[{"id":541,"href":"https:\/\/www.maillon-gilly.be\/index.php?rest_route=\/wp\/v2\/pages\/127\/revisions\/541"}],"wp:attachment":[{"href":"https:\/\/www.maillon-gilly.be\/index.php?rest_route=%2Fwp%2Fv2%2Fmedia&parent=127"}],"curies":[{"name":"wp","href":"https:\/\/api.w.org\/{rel}","templated":true}]}}