{"id":143,"date":"2017-01-13T11:48:35","date_gmt":"2017-01-13T10:48:35","guid":{"rendered":"http:\/\/www.jardinature.net\/wordp\/?page_id=143"},"modified":"2018-11-27T16:31:18","modified_gmt":"2018-11-27T15:31:18","slug":"contact","status":"publish","type":"page","link":"https:\/\/www.maillon-gilly.be\/?page_id=143","title":{"rendered":"Contact"},"content":{"rendered":"<div align=\"center\">\n<p>&nbsp;<\/p>\n<table border=\"0\" width=\"95%\" cellspacing=\"0\" cellpadding=\"0\">\n<tbody>\n<tr>\n<td width=\"30%\">\n<p align=\"center\"><img loading=\"lazy\" class=\"alignnone wp-image-261 size-full\" src=\"http:\/\/www.maillon-gilly.be\/wp-content\/uploads\/2017\/01\/contact01.gif\" alt=\"Contact\" width=\"128\" height=\"128\" \/><\/p>\n<\/td>\n<td width=\"70%\"><b><span style=\"font-size: large;\">Le Maillon Asbl<\/span><\/b><br \/>\n<span style=\"font-size: large;\">Rue de la Poudri\u00e8re, 30<\/span><br \/>\n<span style=\"font-size: large;\">6060 Charleroi (Gilly) &#8211; Belgique<\/span><\/p>\n<p><span style=\"font-size: large;\">Maison d&rsquo;h\u00e9bergement pour personnes handicap\u00e9es mentales adultes<\/span><br \/>\n<span style=\"font-size: large;\">Agr\u00e9ment AViQ MAH 115-116-511<\/span><br \/>\n<span style=\"font-size: large;\">Belfius BE81 0680 7167 3024  BIC : GKCCBEBB<\/span><\/p>\n<p><span style=\"font-size: large;\">Tel : +32 (0)71 41 70 65<\/span><br \/>\n<span style=\"font-size: large;\">Fax : +32 (0)71 41 60 49<\/span><\/p>\n<p><span style=\"font-size: large;\"> Contact par email : <a href=\"mailto:direction@maillon-gilly.be\">direction@maillon-gilly.be<\/a><\/span><\/td>\n<\/tr>\n<\/tbody>\n<\/table>\n<p>&nbsp;<\/p>\n<\/div>\n<p>&nbsp;<\/p>\n<div align=\"center\">\n<p>&nbsp;<\/p>\n<table border=\"0\" width=\"95%\" cellspacing=\"0\" cellpadding=\"0\">\n<tbody>\n<tr>\n<td align=\"center\" valign=\"middle\" width=\"100%\"><iframe src=\"https:\/\/maps.google.fr\/maps?f=q&amp;source=s_q&amp;hl=fr&amp;geocode=&amp;q=maillon+rue+de+la+poudri%C3%A8re+30+6060+gilly&amp;aq=&amp;sll=46.75984,1.738281&amp;sspn=12.179739,15.732422&amp;t=m&amp;ie=UTF8&amp;hq=maillon&amp;hnear=Rue+Poudriere+30,+6060+Charleroi,+Hainaut,+R%C3%A9gion+wallonne,+Belgique&amp;ll=50.423175,4.498858&amp;spn=0.013124,0.027466&amp;z=15&amp;iwloc=A&amp;output=embed\" width=\"640\" height=\"480\" frameborder=\"0\" marginwidth=\"0\" marginheight=\"0\" scrolling=\"no\" data-mce-fragment=\"1\"><\/iframe><br \/>\n<small><a href=\"https:\/\/maps.google.fr\/maps?f=q&amp;source=embed&amp;hl=fr&amp;geocode=&amp;q=maillon+rue+de+la+poudri%C3%A8re+30+6060+gilly&amp;aq=&amp;sll=46.75984,1.738281&amp;sspn=12.179739,15.732422&amp;t=m&amp;ie=UTF8&amp;hq=maillon&amp;hnear=Rue+Poudriere+30,+6060+Charleroi,+Hainaut,+R%C3%A9gion+wallonne,+Belgique&amp;ll=50.423175,4.498858&amp;spn=0.013124,0.027466&amp;z=15&amp;iwloc=A\">Agrandir le plan<\/a><\/small><\/td>\n<\/tr>\n<\/tbody>\n<\/table>\n<p>&nbsp;<\/p>\n<\/div>\n","protected":false},"excerpt":{"rendered":"<p>&nbsp; Le Maillon Asbl Rue de la Poudri\u00e8re, 30 6060 Charleroi (Gilly) &#8211; Belgique Maison d&rsquo;h\u00e9bergement pour personnes handicap\u00e9es mentales adultes Agr\u00e9ment AViQ MAH 115-116-511 Belfius BE81 0680 7167 3024 BIC : GKCCBEBB Tel : +32 (0)71 41 70 65 Fax : +32 (0)71 41 60 49 Contact par email : direction@maillon-gilly.be &nbsp; &nbsp; &nbsp; [&hellip;]<\/p>\n","protected":false},"author":1,"featured_media":0,"parent":0,"menu_order":0,"comment_status":"closed","ping_status":"closed","template":"","meta":[],"yoast_head":"<!-- This site is optimized with the Yoast SEO plugin v18.4.1 - https:\/\/yoast.com\/wordpress\/plugins\/seo\/ -->\n<title>Contact - Le Maillon Asbl<\/title>\n<meta name=\"description\" content=\"Le Maillon Asbl, Rue de la Poudri\u00e8re, 30 - 6060 Charleroi (Gilly) - Belgique. Maison d&#039;h\u00e9bergement pour personnes handicap\u00e9es mentales adultes.\" \/>\n<meta name=\"robots\" content=\"index, follow, max-snippet:-1, max-image-preview:large, max-video-preview:-1\" \/>\n<link rel=\"canonical\" href=\"https:\/\/www.maillon-gilly.be\/?page_id=143\" \/>\n<meta property=\"og:locale\" content=\"fr_FR\" \/>\n<meta property=\"og:type\" content=\"article\" \/>\n<meta property=\"og:title\" content=\"Contact - Le Maillon Asbl\" \/>\n<meta property=\"og:description\" content=\"Le Maillon Asbl, Rue de la Poudri\u00e8re, 30 - 6060 Charleroi (Gilly) - Belgique. Maison d&#039;h\u00e9bergement pour personnes handicap\u00e9es mentales adultes.\" \/>\n<meta property=\"og:url\" content=\"https:\/\/www.maillon-gilly.be\/?page_id=143\" \/>\n<meta property=\"og:site_name\" content=\"Le Maillon Asbl\" \/>\n<meta property=\"article:modified_time\" content=\"2018-11-27T15:31:18+00:00\" \/>\n<meta property=\"og:image\" content=\"http:\/\/www.maillon-gilly.be\/wp-content\/uploads\/2017\/01\/contact01.gif\" \/>\n<script type=\"application\/ld+json\" class=\"yoast-schema-graph\">{\"@context\":\"https:\/\/schema.org\",\"@graph\":[{\"@type\":\"WebSite\",\"@id\":\"https:\/\/www.maillon-gilly.be\/#website\",\"url\":\"https:\/\/www.maillon-gilly.be\/\",\"name\":\"Le Maillon Asbl\",\"description\":\"Service r\u00e9sidentiel pour personnes adultes pr\u00e9sentant une d\u00e9ficience mentale\",\"potentialAction\":[{\"@type\":\"SearchAction\",\"target\":{\"@type\":\"EntryPoint\",\"urlTemplate\":\"https:\/\/www.maillon-gilly.be\/?s={search_term_string}\"},\"query-input\":\"required name=search_term_string\"}],\"inLanguage\":\"fr-FR\"},{\"@type\":\"ImageObject\",\"@id\":\"https:\/\/www.maillon-gilly.be\/?page_id=143#primaryimage\",\"inLanguage\":\"fr-FR\",\"url\":\"http:\/\/www.maillon-gilly.be\/wp-content\/uploads\/2017\/01\/contact01.gif\",\"contentUrl\":\"http:\/\/www.maillon-gilly.be\/wp-content\/uploads\/2017\/01\/contact01.gif\"},{\"@type\":\"WebPage\",\"@id\":\"https:\/\/www.maillon-gilly.be\/?page_id=143#webpage\",\"url\":\"https:\/\/www.maillon-gilly.be\/?page_id=143\",\"name\":\"Contact - Le Maillon Asbl\",\"isPartOf\":{\"@id\":\"https:\/\/www.maillon-gilly.be\/#website\"},\"primaryImageOfPage\":{\"@id\":\"https:\/\/www.maillon-gilly.be\/?page_id=143#primaryimage\"},\"datePublished\":\"2017-01-13T10:48:35+00:00\",\"dateModified\":\"2018-11-27T15:31:18+00:00\",\"description\":\"Le Maillon Asbl, Rue de la Poudri\u00e8re, 30 - 6060 Charleroi (Gilly) - Belgique. Maison d'h\u00e9bergement pour personnes handicap\u00e9es mentales adultes.\",\"breadcrumb\":{\"@id\":\"https:\/\/www.maillon-gilly.be\/?page_id=143#breadcrumb\"},\"inLanguage\":\"fr-FR\",\"potentialAction\":[{\"@type\":\"ReadAction\",\"target\":[\"https:\/\/www.maillon-gilly.be\/?page_id=143\"]}]},{\"@type\":\"BreadcrumbList\",\"@id\":\"https:\/\/www.maillon-gilly.be\/?page_id=143#breadcrumb\",\"itemListElement\":[{\"@type\":\"ListItem\",\"position\":1,\"name\":\"Accueil\",\"item\":\"https:\/\/www.maillon-gilly.be\/\"},{\"@type\":\"ListItem\",\"position\":2,\"name\":\"Contact\"}]}]}<\/script>\n<!-- \/ Yoast SEO plugin. -->","yoast_head_json":{"title":"Contact - Le Maillon Asbl","description":"Le Maillon Asbl, Rue de la Poudri\u00e8re, 30 - 6060 Charleroi (Gilly) - Belgique. Maison d'h\u00e9bergement pour personnes handicap\u00e9es mentales adultes.","robots":{"index":"index","follow":"follow","max-snippet":"max-snippet:-1","max-image-preview":"max-image-preview:large","max-video-preview":"max-video-preview:-1"},"canonical":"https:\/\/www.maillon-gilly.be\/?page_id=143","og_locale":"fr_FR","og_type":"article","og_title":"Contact - Le Maillon Asbl","og_description":"Le Maillon Asbl, Rue de la Poudri\u00e8re, 30 - 6060 Charleroi (Gilly) - Belgique. Maison d'h\u00e9bergement pour personnes handicap\u00e9es mentales adultes.","og_url":"https:\/\/www.maillon-gilly.be\/?page_id=143","og_site_name":"Le Maillon Asbl","article_modified_time":"2018-11-27T15:31:18+00:00","og_image":[{"url":"http:\/\/www.maillon-gilly.be\/wp-content\/uploads\/2017\/01\/contact01.gif"}],"schema":{"@context":"https:\/\/schema.org","@graph":[{"@type":"WebSite","@id":"https:\/\/www.maillon-gilly.be\/#website","url":"https:\/\/www.maillon-gilly.be\/","name":"Le Maillon Asbl","description":"Service r\u00e9sidentiel pour personnes adultes pr\u00e9sentant une d\u00e9ficience mentale","potentialAction":[{"@type":"SearchAction","target":{"@type":"EntryPoint","urlTemplate":"https:\/\/www.maillon-gilly.be\/?s={search_term_string}"},"query-input":"required name=search_term_string"}],"inLanguage":"fr-FR"},{"@type":"ImageObject","@id":"https:\/\/www.maillon-gilly.be\/?page_id=143#primaryimage","inLanguage":"fr-FR","url":"http:\/\/www.maillon-gilly.be\/wp-content\/uploads\/2017\/01\/contact01.gif","contentUrl":"http:\/\/www.maillon-gilly.be\/wp-content\/uploads\/2017\/01\/contact01.gif"},{"@type":"WebPage","@id":"https:\/\/www.maillon-gilly.be\/?page_id=143#webpage","url":"https:\/\/www.maillon-gilly.be\/?page_id=143","name":"Contact - Le Maillon Asbl","isPartOf":{"@id":"https:\/\/www.maillon-gilly.be\/#website"},"primaryImageOfPage":{"@id":"https:\/\/www.maillon-gilly.be\/?page_id=143#primaryimage"},"datePublished":"2017-01-13T10:48:35+00:00","dateModified":"2018-11-27T15:31:18+00:00","description":"Le Maillon Asbl, Rue de la Poudri\u00e8re, 30 - 6060 Charleroi (Gilly) - Belgique. Maison d'h\u00e9bergement pour personnes handicap\u00e9es mentales adultes.","breadcrumb":{"@id":"https:\/\/www.maillon-gilly.be\/?page_id=143#breadcrumb"},"inLanguage":"fr-FR","potentialAction":[{"@type":"ReadAction","target":["https:\/\/www.maillon-gilly.be\/?page_id=143"]}]},{"@type":"BreadcrumbList","@id":"https:\/\/www.maillon-gilly.be\/?page_id=143#breadcrumb","itemListElement":[{"@type":"ListItem","position":1,"name":"Accueil","item":"https:\/\/www.maillon-gilly.be\/"},{"@type":"ListItem","position":2,"name":"Contact"}]}]}},"_links":{"self":[{"href":"https:\/\/www.maillon-gilly.be\/index.php?rest_route=\/wp\/v2\/pages\/143"}],"collection":[{"href":"https:\/\/www.maillon-gilly.be\/index.php?rest_route=\/wp\/v2\/pages"}],"about":[{"href":"https:\/\/www.maillon-gilly.be\/index.php?rest_route=\/wp\/v2\/types\/page"}],"author":[{"embeddable":true,"href":"https:\/\/www.maillon-gilly.be\/index.php?rest_route=\/wp\/v2\/users\/1"}],"replies":[{"embeddable":true,"href":"https:\/\/www.maillon-gilly.be\/index.php?rest_route=%2Fwp%2Fv2%2Fcomments&post=143"}],"version-history":[{"count":8,"href":"https:\/\/www.maillon-gilly.be\/index.php?rest_route=\/wp\/v2\/pages\/143\/revisions"}],"predecessor-version":[{"id":362,"href":"https:\/\/www.maillon-gilly.be\/index.php?rest_route=\/wp\/v2\/pages\/143\/revisions\/362"}],"wp:attachment":[{"href":"https:\/\/www.maillon-gilly.be\/index.php?rest_route=%2Fwp%2Fv2%2Fmedia&parent=143"}],"curies":[{"name":"wp","href":"https:\/\/api.w.org\/{rel}","templated":true}]}}