{"id":150,"date":"2017-01-13T13:24:23","date_gmt":"2017-01-13T12:24:23","guid":{"rendered":"http:\/\/www.jardinature.net\/wordp\/?page_id=150"},"modified":"2017-02-04T08:38:49","modified_gmt":"2017-02-04T07:38:49","slug":"liens","status":"publish","type":"page","link":"https:\/\/www.maillon-gilly.be\/?page_id=150","title":{"rendered":"Liens"},"content":{"rendered":"<p align=\"center\"><img loading=\"lazy\" class=\"alignnone size-full wp-image-302\" src=\"http:\/\/www.maillon-gilly.be\/wp-content\/uploads\/2017\/01\/aviq.jpg\" alt=\"\" width=\"266\" height=\"111\" \/><\/p>\n<p align=\"center\"><span style=\"font-size: large;\">Agence pour une Vie de Qualit\u00e9<\/span><\/p>\n<p align=\"center\"><span style=\"color: #0066cc; font-size: large;\"><a href=\"http:\/\/www.aviq.be\/\" target=\"_blank\">www.aviq.be<\/a><\/span><\/p>\n<hr \/>\n<p align=\"center\"><span style=\"font-size: large;\"><img loading=\"lazy\" class=\"alignnone size-full wp-image-304\" src=\"http:\/\/www.maillon-gilly.be\/wp-content\/uploads\/2017\/01\/wallonie.jpg\" alt=\"\" width=\"109\" height=\"150\" \/><\/span><\/p>\n<p align=\"center\"><span style=\"font-size: large;\"><br \/>\nPortail de la Wallonie\u00a0 <\/span><a href=\"http:\/\/www.wallonie.be\/\" target=\"_blank\"><span style=\"color: #0066cc; font-size: large;\">www.wallonie.be<\/span><\/a><\/p>\n","protected":false},"excerpt":{"rendered":"<p>Agence pour une Vie de Qualit\u00e9 www.aviq.be Portail de la Wallonie\u00a0 www.wallonie.be<\/p>\n","protected":false},"author":1,"featured_media":0,"parent":0,"menu_order":0,"comment_status":"closed","ping_status":"closed","template":"","meta":[],"yoast_head":"<!-- This site is optimized with the Yoast SEO plugin v18.4.1 - https:\/\/yoast.com\/wordpress\/plugins\/seo\/ -->\n<title>Liens - Le Maillon Asbl<\/title>\n<meta name=\"robots\" content=\"index, follow, max-snippet:-1, max-image-preview:large, max-video-preview:-1\" \/>\n<link rel=\"canonical\" href=\"https:\/\/www.maillon-gilly.be\/?page_id=150\" \/>\n<meta property=\"og:locale\" content=\"fr_FR\" \/>\n<meta property=\"og:type\" content=\"article\" \/>\n<meta property=\"og:title\" content=\"Liens - Le Maillon Asbl\" \/>\n<meta property=\"og:description\" content=\"Agence pour une Vie de Qualit\u00e9 www.aviq.be Portail de la Wallonie\u00a0 www.wallonie.be\" \/>\n<meta property=\"og:url\" content=\"https:\/\/www.maillon-gilly.be\/?page_id=150\" \/>\n<meta property=\"og:site_name\" content=\"Le Maillon Asbl\" \/>\n<meta property=\"article:modified_time\" content=\"2017-02-04T07:38:49+00:00\" \/>\n<meta property=\"og:image\" content=\"http:\/\/www.maillon-gilly.be\/wp-content\/uploads\/2017\/01\/aviq.jpg\" \/>\n<script type=\"application\/ld+json\" class=\"yoast-schema-graph\">{\"@context\":\"https:\/\/schema.org\",\"@graph\":[{\"@type\":\"WebSite\",\"@id\":\"https:\/\/www.maillon-gilly.be\/#website\",\"url\":\"https:\/\/www.maillon-gilly.be\/\",\"name\":\"Le Maillon Asbl\",\"description\":\"Service r\u00e9sidentiel pour personnes adultes pr\u00e9sentant une d\u00e9ficience mentale\",\"potentialAction\":[{\"@type\":\"SearchAction\",\"target\":{\"@type\":\"EntryPoint\",\"urlTemplate\":\"https:\/\/www.maillon-gilly.be\/?s={search_term_string}\"},\"query-input\":\"required name=search_term_string\"}],\"inLanguage\":\"fr-FR\"},{\"@type\":\"ImageObject\",\"@id\":\"https:\/\/www.maillon-gilly.be\/?page_id=150#primaryimage\",\"inLanguage\":\"fr-FR\",\"url\":\"http:\/\/www.maillon-gilly.be\/wp-content\/uploads\/2017\/01\/aviq.jpg\",\"contentUrl\":\"http:\/\/www.maillon-gilly.be\/wp-content\/uploads\/2017\/01\/aviq.jpg\"},{\"@type\":\"WebPage\",\"@id\":\"https:\/\/www.maillon-gilly.be\/?page_id=150#webpage\",\"url\":\"https:\/\/www.maillon-gilly.be\/?page_id=150\",\"name\":\"Liens - Le Maillon Asbl\",\"isPartOf\":{\"@id\":\"https:\/\/www.maillon-gilly.be\/#website\"},\"primaryImageOfPage\":{\"@id\":\"https:\/\/www.maillon-gilly.be\/?page_id=150#primaryimage\"},\"datePublished\":\"2017-01-13T12:24:23+00:00\",\"dateModified\":\"2017-02-04T07:38:49+00:00\",\"breadcrumb\":{\"@id\":\"https:\/\/www.maillon-gilly.be\/?page_id=150#breadcrumb\"},\"inLanguage\":\"fr-FR\",\"potentialAction\":[{\"@type\":\"ReadAction\",\"target\":[\"https:\/\/www.maillon-gilly.be\/?page_id=150\"]}]},{\"@type\":\"BreadcrumbList\",\"@id\":\"https:\/\/www.maillon-gilly.be\/?page_id=150#breadcrumb\",\"itemListElement\":[{\"@type\":\"ListItem\",\"position\":1,\"name\":\"Accueil\",\"item\":\"https:\/\/www.maillon-gilly.be\/\"},{\"@type\":\"ListItem\",\"position\":2,\"name\":\"Liens\"}]}]}<\/script>\n<!-- \/ Yoast SEO plugin. -->","yoast_head_json":{"title":"Liens - Le Maillon Asbl","robots":{"index":"index","follow":"follow","max-snippet":"max-snippet:-1","max-image-preview":"max-image-preview:large","max-video-preview":"max-video-preview:-1"},"canonical":"https:\/\/www.maillon-gilly.be\/?page_id=150","og_locale":"fr_FR","og_type":"article","og_title":"Liens - Le Maillon Asbl","og_description":"Agence pour une Vie de Qualit\u00e9 www.aviq.be Portail de la Wallonie\u00a0 www.wallonie.be","og_url":"https:\/\/www.maillon-gilly.be\/?page_id=150","og_site_name":"Le Maillon Asbl","article_modified_time":"2017-02-04T07:38:49+00:00","og_image":[{"url":"http:\/\/www.maillon-gilly.be\/wp-content\/uploads\/2017\/01\/aviq.jpg"}],"schema":{"@context":"https:\/\/schema.org","@graph":[{"@type":"WebSite","@id":"https:\/\/www.maillon-gilly.be\/#website","url":"https:\/\/www.maillon-gilly.be\/","name":"Le Maillon Asbl","description":"Service r\u00e9sidentiel pour personnes adultes pr\u00e9sentant une d\u00e9ficience mentale","potentialAction":[{"@type":"SearchAction","target":{"@type":"EntryPoint","urlTemplate":"https:\/\/www.maillon-gilly.be\/?s={search_term_string}"},"query-input":"required name=search_term_string"}],"inLanguage":"fr-FR"},{"@type":"ImageObject","@id":"https:\/\/www.maillon-gilly.be\/?page_id=150#primaryimage","inLanguage":"fr-FR","url":"http:\/\/www.maillon-gilly.be\/wp-content\/uploads\/2017\/01\/aviq.jpg","contentUrl":"http:\/\/www.maillon-gilly.be\/wp-content\/uploads\/2017\/01\/aviq.jpg"},{"@type":"WebPage","@id":"https:\/\/www.maillon-gilly.be\/?page_id=150#webpage","url":"https:\/\/www.maillon-gilly.be\/?page_id=150","name":"Liens - Le Maillon Asbl","isPartOf":{"@id":"https:\/\/www.maillon-gilly.be\/#website"},"primaryImageOfPage":{"@id":"https:\/\/www.maillon-gilly.be\/?page_id=150#primaryimage"},"datePublished":"2017-01-13T12:24:23+00:00","dateModified":"2017-02-04T07:38:49+00:00","breadcrumb":{"@id":"https:\/\/www.maillon-gilly.be\/?page_id=150#breadcrumb"},"inLanguage":"fr-FR","potentialAction":[{"@type":"ReadAction","target":["https:\/\/www.maillon-gilly.be\/?page_id=150"]}]},{"@type":"BreadcrumbList","@id":"https:\/\/www.maillon-gilly.be\/?page_id=150#breadcrumb","itemListElement":[{"@type":"ListItem","position":1,"name":"Accueil","item":"https:\/\/www.maillon-gilly.be\/"},{"@type":"ListItem","position":2,"name":"Liens"}]}]}},"_links":{"self":[{"href":"https:\/\/www.maillon-gilly.be\/index.php?rest_route=\/wp\/v2\/pages\/150"}],"collection":[{"href":"https:\/\/www.maillon-gilly.be\/index.php?rest_route=\/wp\/v2\/pages"}],"about":[{"href":"https:\/\/www.maillon-gilly.be\/index.php?rest_route=\/wp\/v2\/types\/page"}],"author":[{"embeddable":true,"href":"https:\/\/www.maillon-gilly.be\/index.php?rest_route=\/wp\/v2\/users\/1"}],"replies":[{"embeddable":true,"href":"https:\/\/www.maillon-gilly.be\/index.php?rest_route=%2Fwp%2Fv2%2Fcomments&post=150"}],"version-history":[{"count":6,"href":"https:\/\/www.maillon-gilly.be\/index.php?rest_route=\/wp\/v2\/pages\/150\/revisions"}],"predecessor-version":[{"id":306,"href":"https:\/\/www.maillon-gilly.be\/index.php?rest_route=\/wp\/v2\/pages\/150\/revisions\/306"}],"wp:attachment":[{"href":"https:\/\/www.maillon-gilly.be\/index.php?rest_route=%2Fwp%2Fv2%2Fmedia&parent=150"}],"curies":[{"name":"wp","href":"https:\/\/api.w.org\/{rel}","templated":true}]}}