{"id":168,"date":"2017-01-13T13:55:48","date_gmt":"2017-01-13T12:55:48","guid":{"rendered":"http:\/\/www.jardinature.net\/wordp\/?page_id=168"},"modified":"2017-01-15T00:33:35","modified_gmt":"2017-01-14T23:33:35","slug":"vignoble-du-maillon","status":"publish","type":"page","link":"https:\/\/www.maillon-gilly.be\/?page_id=168","title":{"rendered":"Vignoble du Maillon"},"content":{"rendered":"<p align=\"center\">&nbsp;<\/p>\n<p align=\"left\"><span style=\"color: #000080; font-size: large;\">A Gilly, 630 plants de vigne ont \u00e9t\u00e9 plant\u00e9s par les r\u00e9sidents du Maillon.<\/span><\/p>\n<p align=\"left\"><span style=\"color: #000080; font-size: large;\">Ce sont des vignerons qui supervisent le projet, n\u00e9 d\u2019une amiti\u00e9 franco-belge et d\u2019une remarquable id\u00e9e de solidarit\u00e9.<\/span><\/p>\n<p align=\"center\">\n<p align=\"center\"><span style=\"font-size: large;\"><u>Un peu d&rsquo;histoire&#8230;<\/u><\/span><\/p>\n<p align=\"left\"><span style=\"font-size: large;\">Surprise !&#8230; Le vin belge, c&rsquo;est une tr\u00e8s vieille histoire ! Les premi\u00e8res vignes auraient \u00e9t\u00e9 plant\u00e9es vers le 7e si\u00e8cle, l&rsquo;apog\u00e9e se situant vers le 14e si\u00e8cle. La vigne est alors extr\u00eamement courante sous nos latitudes (Huy, Li\u00e8ge, Louvain, Diest, Wavre&#8230;).<br \/>\nComme d&rsquo;habitude, diront certains, ce sont les moines qui s&rsquo;av\u00e8rent \u00eatre les ma\u00eetres du jus de la treille, qui leur sert non seulement pour c\u00e9l\u00e9brer la messe, mais aussi pour la pratique m\u00e9dicale, pour leur propre commerce ou pour leur consommation personnelle (avec mod\u00e9ration, bien s\u00fbr&#8230;). Ces moines, principalement les Cisterciens, poss\u00e8dent du temps, de la science et des terrains propices \u00e0 la culture de la vigne, notamment en France (Clos-Vougeot, Aloxe-Corton,&#8230;). En Belgique aussi, les abbayes cisterciennes (Orval, Aulne, Grandpr\u00e9, Villers,&#8230;) vont tout naturellement d\u00e9velopper leurs propres vignobles.<br \/>\nCependant, entre le 17e et le 18e si\u00e8cles, le vignoble belge va dispara\u00eetre presque compl\u00e8tement, sous l&rsquo;effet de tr\u00e8s forte gel\u00e9es \u00e0 r\u00e9p\u00e9tition et de l&rsquo;am\u00e9lioration des voies de communication avec la France.<\/span><\/p>\n<p align=\"center\">\n<p align=\"center\"><span style=\"font-size: large;\"><u>Les buts des nouveaux viticulteurs wallons<\/u><\/span><\/p>\n<p align=\"left\"><span style=\"font-size: large;\">Plusieurs facteurs d\u00e9terminent la farouche volont\u00e9 de recr\u00e9er le vignoble wallon. Tout d&rsquo;abord, il y a l&rsquo;aspect historique, la recherche de ses racines, un go\u00fbt de terroir ancestral que l&rsquo;on veut remettre au go\u00fbt du jour. C&rsquo;est particuli\u00e8rement vrai pour les replantations \u00ab\u00a0\u00e0 l&rsquo;identique\u00a0\u00bb sur des sites abbatiaux tels que Villers-la-Ville ou l&rsquo;Abbaye St-Denis pr\u00e8s de Soignies.<br \/>\nEnsuite vient l&rsquo;aspect camaraderie. Souvent chapeaut\u00e9s par une ASBL, les vignobles demandent beaucoup de bonne volont\u00e9 de la part des membres qui s&rsquo;y investissent : travail manuel incessant, achat de mat\u00e9riel, organisation de festivit\u00e9s,\u2026 tout cela resserre les liens fraternels entre les compagnons de la vigne! Enfin, il y a quelque fois un but p\u00e9dagogique, d&rsquo;altruisme voire d&rsquo;humanisme qui est l&rsquo;utopie ultime \u00e0 r\u00e9aliser, si d&rsquo;aventure l&rsquo;op\u00e9ration s&rsquo;av\u00e8re un temps soit peu rentable&#8230;<\/span><\/p>\n<p align=\"center\">&nbsp;<\/p>\n<p><span style=\"color: #000080; font-size: large;\">Le vignoble du Maillon<\/span><\/p>\n<p align=\"center\">\n<p align=\"center\"><img loading=\"lazy\" src=\"images\/maillon_vignoble1.jpg\" width=\"700\" height=\"469\" border=\"1\" \/><\/p>\n<p align=\"center\">\n<p align=\"center\"><img loading=\"lazy\" src=\"images\/maillon_vignoble2.jpg\" width=\"700\" height=\"525\" border=\"1\" \/><\/p>\n<p align=\"center\">\n","protected":false},"excerpt":{"rendered":"<p>&nbsp; A Gilly, 630 plants de vigne ont \u00e9t\u00e9 plant\u00e9s par les r\u00e9sidents du Maillon. Ce sont des vignerons qui supervisent le projet, n\u00e9 d\u2019une amiti\u00e9 franco-belge et d\u2019une remarquable id\u00e9e de solidarit\u00e9. Un peu d&rsquo;histoire&#8230; Surprise !&#8230; Le vin belge, c&rsquo;est une tr\u00e8s vieille histoire ! Les premi\u00e8res vignes auraient \u00e9t\u00e9 plant\u00e9es vers le [&hellip;]<\/p>\n","protected":false},"author":1,"featured_media":0,"parent":0,"menu_order":0,"comment_status":"closed","ping_status":"closed","template":"","meta":[],"yoast_head":"<!-- This site is optimized with the Yoast SEO plugin v18.4.1 - https:\/\/yoast.com\/wordpress\/plugins\/seo\/ -->\n<title>Vignoble du Maillon - Le Maillon Asbl<\/title>\n<meta name=\"description\" content=\"A Gilly, 630 plants de vigne ont \u00e9t\u00e9 plant\u00e9s par les r\u00e9sidents du Maillon. Ce sont des vignerons qui supervisent le projet.\" \/>\n<meta name=\"robots\" content=\"index, follow, max-snippet:-1, max-image-preview:large, max-video-preview:-1\" \/>\n<link rel=\"canonical\" href=\"https:\/\/www.maillon-gilly.be\/?page_id=168\" \/>\n<meta property=\"og:locale\" content=\"fr_FR\" \/>\n<meta property=\"og:type\" content=\"article\" \/>\n<meta property=\"og:title\" content=\"Vignoble du Maillon - Le Maillon Asbl\" \/>\n<meta property=\"og:description\" content=\"A Gilly, 630 plants de vigne ont \u00e9t\u00e9 plant\u00e9s par les r\u00e9sidents du Maillon. Ce sont des vignerons qui supervisent le projet.\" \/>\n<meta property=\"og:url\" content=\"https:\/\/www.maillon-gilly.be\/?page_id=168\" \/>\n<meta property=\"og:site_name\" content=\"Le Maillon Asbl\" \/>\n<meta property=\"article:modified_time\" content=\"2017-01-14T23:33:35+00:00\" \/>\n<meta property=\"og:image\" content=\"http:\/\/images\/maillon_vignoble1.jpg\" \/>\n<meta name=\"twitter:label1\" content=\"Dur\u00e9e de lecture estim\u00e9e\" \/>\n\t<meta name=\"twitter:data1\" content=\"2 minutes\" \/>\n<script type=\"application\/ld+json\" class=\"yoast-schema-graph\">{\"@context\":\"https:\/\/schema.org\",\"@graph\":[{\"@type\":\"WebSite\",\"@id\":\"https:\/\/www.maillon-gilly.be\/#website\",\"url\":\"https:\/\/www.maillon-gilly.be\/\",\"name\":\"Le Maillon Asbl\",\"description\":\"Service r\u00e9sidentiel pour personnes adultes pr\u00e9sentant une d\u00e9ficience mentale\",\"potentialAction\":[{\"@type\":\"SearchAction\",\"target\":{\"@type\":\"EntryPoint\",\"urlTemplate\":\"https:\/\/www.maillon-gilly.be\/?s={search_term_string}\"},\"query-input\":\"required name=search_term_string\"}],\"inLanguage\":\"fr-FR\"},{\"@type\":\"ImageObject\",\"@id\":\"https:\/\/www.maillon-gilly.be\/?page_id=168#primaryimage\",\"inLanguage\":\"fr-FR\",\"url\":\"images\/maillon_vignoble1.jpg\",\"contentUrl\":\"images\/maillon_vignoble1.jpg\"},{\"@type\":\"WebPage\",\"@id\":\"https:\/\/www.maillon-gilly.be\/?page_id=168#webpage\",\"url\":\"https:\/\/www.maillon-gilly.be\/?page_id=168\",\"name\":\"Vignoble du Maillon - Le Maillon Asbl\",\"isPartOf\":{\"@id\":\"https:\/\/www.maillon-gilly.be\/#website\"},\"primaryImageOfPage\":{\"@id\":\"https:\/\/www.maillon-gilly.be\/?page_id=168#primaryimage\"},\"datePublished\":\"2017-01-13T12:55:48+00:00\",\"dateModified\":\"2017-01-14T23:33:35+00:00\",\"description\":\"A Gilly, 630 plants de vigne ont \u00e9t\u00e9 plant\u00e9s par les r\u00e9sidents du Maillon. Ce sont des vignerons qui supervisent le projet.\",\"breadcrumb\":{\"@id\":\"https:\/\/www.maillon-gilly.be\/?page_id=168#breadcrumb\"},\"inLanguage\":\"fr-FR\",\"potentialAction\":[{\"@type\":\"ReadAction\",\"target\":[\"https:\/\/www.maillon-gilly.be\/?page_id=168\"]}]},{\"@type\":\"BreadcrumbList\",\"@id\":\"https:\/\/www.maillon-gilly.be\/?page_id=168#breadcrumb\",\"itemListElement\":[{\"@type\":\"ListItem\",\"position\":1,\"name\":\"Accueil\",\"item\":\"https:\/\/www.maillon-gilly.be\/\"},{\"@type\":\"ListItem\",\"position\":2,\"name\":\"Vignoble du Maillon\"}]}]}<\/script>\n<!-- \/ Yoast SEO plugin. -->","yoast_head_json":{"title":"Vignoble du Maillon - Le Maillon Asbl","description":"A Gilly, 630 plants de vigne ont \u00e9t\u00e9 plant\u00e9s par les r\u00e9sidents du Maillon. Ce sont des vignerons qui supervisent le projet.","robots":{"index":"index","follow":"follow","max-snippet":"max-snippet:-1","max-image-preview":"max-image-preview:large","max-video-preview":"max-video-preview:-1"},"canonical":"https:\/\/www.maillon-gilly.be\/?page_id=168","og_locale":"fr_FR","og_type":"article","og_title":"Vignoble du Maillon - Le Maillon Asbl","og_description":"A Gilly, 630 plants de vigne ont \u00e9t\u00e9 plant\u00e9s par les r\u00e9sidents du Maillon. Ce sont des vignerons qui supervisent le projet.","og_url":"https:\/\/www.maillon-gilly.be\/?page_id=168","og_site_name":"Le Maillon Asbl","article_modified_time":"2017-01-14T23:33:35+00:00","og_image":[{"url":"images\/maillon_vignoble1.jpg"}],"twitter_misc":{"Dur\u00e9e de lecture estim\u00e9e":"2 minutes"},"schema":{"@context":"https:\/\/schema.org","@graph":[{"@type":"WebSite","@id":"https:\/\/www.maillon-gilly.be\/#website","url":"https:\/\/www.maillon-gilly.be\/","name":"Le Maillon Asbl","description":"Service r\u00e9sidentiel pour personnes adultes pr\u00e9sentant une d\u00e9ficience mentale","potentialAction":[{"@type":"SearchAction","target":{"@type":"EntryPoint","urlTemplate":"https:\/\/www.maillon-gilly.be\/?s={search_term_string}"},"query-input":"required name=search_term_string"}],"inLanguage":"fr-FR"},{"@type":"ImageObject","@id":"https:\/\/www.maillon-gilly.be\/?page_id=168#primaryimage","inLanguage":"fr-FR","url":"images\/maillon_vignoble1.jpg","contentUrl":"images\/maillon_vignoble1.jpg"},{"@type":"WebPage","@id":"https:\/\/www.maillon-gilly.be\/?page_id=168#webpage","url":"https:\/\/www.maillon-gilly.be\/?page_id=168","name":"Vignoble du Maillon - Le Maillon Asbl","isPartOf":{"@id":"https:\/\/www.maillon-gilly.be\/#website"},"primaryImageOfPage":{"@id":"https:\/\/www.maillon-gilly.be\/?page_id=168#primaryimage"},"datePublished":"2017-01-13T12:55:48+00:00","dateModified":"2017-01-14T23:33:35+00:00","description":"A Gilly, 630 plants de vigne ont \u00e9t\u00e9 plant\u00e9s par les r\u00e9sidents du Maillon. Ce sont des vignerons qui supervisent le projet.","breadcrumb":{"@id":"https:\/\/www.maillon-gilly.be\/?page_id=168#breadcrumb"},"inLanguage":"fr-FR","potentialAction":[{"@type":"ReadAction","target":["https:\/\/www.maillon-gilly.be\/?page_id=168"]}]},{"@type":"BreadcrumbList","@id":"https:\/\/www.maillon-gilly.be\/?page_id=168#breadcrumb","itemListElement":[{"@type":"ListItem","position":1,"name":"Accueil","item":"https:\/\/www.maillon-gilly.be\/"},{"@type":"ListItem","position":2,"name":"Vignoble du Maillon"}]}]}},"_links":{"self":[{"href":"https:\/\/www.maillon-gilly.be\/index.php?rest_route=\/wp\/v2\/pages\/168"}],"collection":[{"href":"https:\/\/www.maillon-gilly.be\/index.php?rest_route=\/wp\/v2\/pages"}],"about":[{"href":"https:\/\/www.maillon-gilly.be\/index.php?rest_route=\/wp\/v2\/types\/page"}],"author":[{"embeddable":true,"href":"https:\/\/www.maillon-gilly.be\/index.php?rest_route=\/wp\/v2\/users\/1"}],"replies":[{"embeddable":true,"href":"https:\/\/www.maillon-gilly.be\/index.php?rest_route=%2Fwp%2Fv2%2Fcomments&post=168"}],"version-history":[{"count":5,"href":"https:\/\/www.maillon-gilly.be\/index.php?rest_route=\/wp\/v2\/pages\/168\/revisions"}],"predecessor-version":[{"id":173,"href":"https:\/\/www.maillon-gilly.be\/index.php?rest_route=\/wp\/v2\/pages\/168\/revisions\/173"}],"wp:attachment":[{"href":"https:\/\/www.maillon-gilly.be\/index.php?rest_route=%2Fwp%2Fv2%2Fmedia&parent=168"}],"curies":[{"name":"wp","href":"https:\/\/api.w.org\/{rel}","templated":true}]}}