{"id":46,"date":"2017-01-12T16:14:55","date_gmt":"2017-01-12T15:14:55","guid":{"rendered":"http:\/\/www.jardinature.net\/wordp\/?page_id=46"},"modified":"2017-01-18T17:36:57","modified_gmt":"2017-01-18T16:36:57","slug":"presentation","status":"publish","type":"page","link":"https:\/\/www.maillon-gilly.be\/?page_id=46","title":{"rendered":"Pr\u00e9sentation"},"content":{"rendered":"<p>&nbsp;<\/p>\n<p align=\"left\"><span style=\"font-size: large;\"><span style=\"color: #008000;\"><b>HISTORIQUE<\/b><\/span><\/span><\/p>\n<p align=\"left\"><span style=\"font-size: large;\">L&rsquo;Association de la R\u00e9gion de Charleroi pour l&rsquo;Aide aux Handicap\u00e9s Mentaux a \u00e9t\u00e9 cr\u00e9\u00e9e le 11 mars 1965. Certains administrateurs, dont le pr\u00e9sident, \u00e9taient parents de personnes handicap\u00e9es.<br \/>\nC&rsquo;est en 1975 que l&rsquo;Association de la R\u00e9gion de Charleroi pour l&rsquo;Aide aux Handicap\u00e9s Mentaux a d\u00e9cid\u00e9, \u00e0 la demande de l&rsquo;atelier Eddy Cambier, de l&rsquo;ANAHM et de quelques parents inquiets du devenir de leurs \u00ab\u00a0enfants\u00a0\u00bb de cr\u00e9er un home pour personnes handicap\u00e9es mentales adultes.<br \/>\nLa construction fut termin\u00e9e fin 1978. L&rsquo;Institution formant une boucle travail-h\u00e9bergement fut d\u00e9nomm\u00e9e \u00ab\u00a0Le Maillon\u00a0\u00bb. Il est op\u00e9rationnel depuis le 1er janvier 1979.<\/span><\/p>\n<p align=\"left\"><span style=\"font-size: large;\">Le Maillon, maison d&rsquo;h\u00e9bergement pour personnes handicap\u00e9es mentales adultes \u00ab\u00a0travailleurs et non travailleurs\u00a0\u00bb, est une cr\u00e9ation de l&rsquo;Association de la R\u00e9gion de Charleroi pour l&rsquo;Aide aux Handicap\u00e9s Mentaux \u2013 ARCAHM.<\/span><\/p>\n<p align=\"left\"><span style=\"font-size: large;\">Lorsque des parents ou des familles ne sont plus en mesure de prendre en charge partiellement ou totalement leur fille ou leur fils handicap\u00e9, il est n\u00e9cessaire de trouver une solution \u00e0 leurs probl\u00e8mes.<br \/>\nNotre institution, \u00e0 caract\u00e8re familial, semble \u00eatre une bonne formule pour r\u00e9pondre aux besoins de personnes handicap\u00e9es qui ne pourraient pas vivre seules, ce qui s\u00e9curise aussi leurs parents. Ceux-ci savent que, lorsqu\u2019ils ne seront plus l\u00e0, leurs \u00ab\u00a0enfants\u00a0\u00bb seront bien entour\u00e9s.<\/span><\/p>\n<p align=\"left\"><span style=\"font-size: large;\">A partir de cette r\u00e9flexion, les valeurs qui fondent notre travail sont bas\u00e9es sur une philosophie humaniste mettant en \u00e9vidence la qualit\u00e9 de vie, la capacit\u00e9 de faire des choix, le respect de l&rsquo;autre consid\u00e9r\u00e9 dans son environnement, pour assurer un encadrement le plus adapt\u00e9 possible \u00e0 la personne handicap\u00e9e qui par elle-m\u00eame ne pourrait s&rsquo;int\u00e9grer dans la soci\u00e9t\u00e9.<\/span><\/p>\n<p align=\"left\">\n<p align=\"left\"><img loading=\"lazy\" class=\"alignnone wp-image-253 size-full\" src=\"http:\/\/www.maillon-gilly.be\/wp-content\/uploads\/2017\/01\/maillon_entree.jpg\" alt=\"Le Maillon Asbl\" width=\"600\" height=\"399\" srcset=\"https:\/\/www.maillon-gilly.be\/wp-content\/uploads\/2017\/01\/maillon_entree.jpg 600w, https:\/\/www.maillon-gilly.be\/wp-content\/uploads\/2017\/01\/maillon_entree-300x200.jpg 300w\" sizes=\"(max-width: 600px) 100vw, 600px\" \/><\/p>\n<p align=\"left\"><span style=\"font-size: large;\"><span style=\"color: #008000;\"><b>NOTRE PHILOSOPHIE DE TRAVAIL<\/b><\/span><\/span><\/p>\n<p align=\"left\"><span style=\"font-size: large;\">Le Maillon veut offrir un milieu de vie accueillant. Notre action premi\u00e8re est de permettre \u00e0 des personnes handicap\u00e9es, en dehors de toute pr\u00e9occupation d&rsquo;ordre politique, philosophique et religieux, de trouver un foyer o\u00f9 elles trouveront bien-\u00eatre et \u00e9panouissement personnel. Ce service peut leur \u00eatre offert durant toute leur vie selon le respect r\u00e9ciproque du contrat entre les parties, le souhait du r\u00e9sident, de la famille ou du responsable l\u00e9gal.<\/span><\/p>\n<p align=\"left\"><span style=\"font-size: large;\">Pour certains, le Maillon propose un environnement s\u00e9curisant r\u00e9pondant \u00e0 leurs besoins particuliers.<br \/>\nPour d\u2019autres, ce foyer sera aussi un tremplin vers une vie plus autonome au sein du service.<\/span><\/p>\n<p align=\"left\"><span style=\"font-size: large;\">La p\u00e9dagogie du service tend essentiellement \u00e0 :<\/span><\/p>\n<p align=\"left\"><span style=\"font-size: medium;\">&#8211; respecter les besoins, les rythmes de vie de chaque r\u00e9sident<br \/>\n&#8211; favoriser l\u2019\u00e9panouissement affectif de chacun<br \/>\n&#8211; cultiver les relations entre les familles et les r\u00e9sidents<br \/>\n&#8211; valoriser la personne d\u00e9ficiente mentale tant dans ses \u00ab savoir-faire \u00bb que dans ses \u00ab savoir-\u00eatre \u00bb.<br \/>\n&#8211; consid\u00e9rer chaque personne comme un sujet responsable, acteur de son projet de vie et donc, capable de faire des choix.<br \/>\n&#8211; amener chaque r\u00e9sident \u00e0 un maximum d\u2019autonomie en fonction de ses comp\u00e9tences<br \/>\n&#8211; harmoniser les relations sociales du groupe<br \/>\n&#8211; privil\u00e9gier les contacts, les relations ext\u00e9rieures hors Maillon, favoriser \u00ab l\u2019ouverture au monde \u00bb<br \/>\n&#8211; favoriser l\u2019acquisition d\u2019attitudes et de comportements adapt\u00e9s au milieu social et soci\u00e9tal en g\u00e9n\u00e9ral.<\/span><\/p>\n<p align=\"left\"><span style=\"font-size: large;\">Le Maillon accueille actuellement 41 r\u00e9sidents.<\/span><\/p>\n<p>&nbsp;<\/p>\n","protected":false},"excerpt":{"rendered":"<p>&nbsp; HISTORIQUE L&rsquo;Association de la R\u00e9gion de Charleroi pour l&rsquo;Aide aux Handicap\u00e9s Mentaux a \u00e9t\u00e9 cr\u00e9\u00e9e le 11 mars 1965. Certains administrateurs, dont le pr\u00e9sident, \u00e9taient parents de personnes handicap\u00e9es. C&rsquo;est en 1975 que l&rsquo;Association de la R\u00e9gion de Charleroi pour l&rsquo;Aide aux Handicap\u00e9s Mentaux a d\u00e9cid\u00e9, \u00e0 la demande de l&rsquo;atelier Eddy Cambier, de [&hellip;]<\/p>\n","protected":false},"author":1,"featured_media":45,"parent":0,"menu_order":0,"comment_status":"closed","ping_status":"closed","template":"","meta":[],"yoast_head":"<!-- This site is optimized with the Yoast SEO plugin v18.4.1 - https:\/\/yoast.com\/wordpress\/plugins\/seo\/ -->\n<title>Pr\u00e9sentation - Le Maillon Asbl<\/title>\n<meta name=\"description\" content=\"L&#039;Association de la R\u00e9gion de Charleroi pour l&#039;Aide aux Handicap\u00e9s Mentaux a \u00e9t\u00e9 cr\u00e9\u00e9e le 11 mars 1965.\" \/>\n<meta name=\"robots\" content=\"index, follow, max-snippet:-1, max-image-preview:large, max-video-preview:-1\" \/>\n<link rel=\"canonical\" href=\"https:\/\/www.maillon-gilly.be\/?page_id=46\" \/>\n<meta property=\"og:locale\" content=\"fr_FR\" \/>\n<meta property=\"og:type\" content=\"article\" \/>\n<meta property=\"og:title\" content=\"Pr\u00e9sentation - Le Maillon Asbl\" \/>\n<meta property=\"og:description\" content=\"L&#039;Association de la R\u00e9gion de Charleroi pour l&#039;Aide aux Handicap\u00e9s Mentaux a \u00e9t\u00e9 cr\u00e9\u00e9e le 11 mars 1965.\" \/>\n<meta property=\"og:url\" content=\"https:\/\/www.maillon-gilly.be\/?page_id=46\" \/>\n<meta property=\"og:site_name\" content=\"Le Maillon Asbl\" \/>\n<meta property=\"article:modified_time\" content=\"2017-01-18T16:36:57+00:00\" \/>\n<meta property=\"og:image\" content=\"https:\/\/www.maillon-gilly.be\/wp-content\/uploads\/2017\/01\/logements_supervises16.jpg\" \/>\n\t<meta property=\"og:image:width\" content=\"600\" \/>\n\t<meta property=\"og:image:height\" content=\"307\" \/>\n\t<meta property=\"og:image:type\" content=\"image\/jpeg\" \/>\n<meta name=\"twitter:label1\" content=\"Dur\u00e9e de lecture estim\u00e9e\" \/>\n\t<meta name=\"twitter:data1\" content=\"3 minutes\" \/>\n<script type=\"application\/ld+json\" class=\"yoast-schema-graph\">{\"@context\":\"https:\/\/schema.org\",\"@graph\":[{\"@type\":\"WebSite\",\"@id\":\"https:\/\/www.maillon-gilly.be\/#website\",\"url\":\"https:\/\/www.maillon-gilly.be\/\",\"name\":\"Le Maillon Asbl\",\"description\":\"Service r\u00e9sidentiel pour personnes adultes pr\u00e9sentant une d\u00e9ficience mentale\",\"potentialAction\":[{\"@type\":\"SearchAction\",\"target\":{\"@type\":\"EntryPoint\",\"urlTemplate\":\"https:\/\/www.maillon-gilly.be\/?s={search_term_string}\"},\"query-input\":\"required name=search_term_string\"}],\"inLanguage\":\"fr-FR\"},{\"@type\":\"ImageObject\",\"@id\":\"https:\/\/www.maillon-gilly.be\/?page_id=46#primaryimage\",\"inLanguage\":\"fr-FR\",\"url\":\"https:\/\/www.maillon-gilly.be\/wp-content\/uploads\/2017\/01\/logements_supervises16.jpg\",\"contentUrl\":\"https:\/\/www.maillon-gilly.be\/wp-content\/uploads\/2017\/01\/logements_supervises16.jpg\",\"width\":600,\"height\":307},{\"@type\":\"WebPage\",\"@id\":\"https:\/\/www.maillon-gilly.be\/?page_id=46#webpage\",\"url\":\"https:\/\/www.maillon-gilly.be\/?page_id=46\",\"name\":\"Pr\u00e9sentation - Le Maillon Asbl\",\"isPartOf\":{\"@id\":\"https:\/\/www.maillon-gilly.be\/#website\"},\"primaryImageOfPage\":{\"@id\":\"https:\/\/www.maillon-gilly.be\/?page_id=46#primaryimage\"},\"datePublished\":\"2017-01-12T15:14:55+00:00\",\"dateModified\":\"2017-01-18T16:36:57+00:00\",\"description\":\"L'Association de la R\u00e9gion de Charleroi pour l'Aide aux Handicap\u00e9s Mentaux a \u00e9t\u00e9 cr\u00e9\u00e9e le 11 mars 1965.\",\"breadcrumb\":{\"@id\":\"https:\/\/www.maillon-gilly.be\/?page_id=46#breadcrumb\"},\"inLanguage\":\"fr-FR\",\"potentialAction\":[{\"@type\":\"ReadAction\",\"target\":[\"https:\/\/www.maillon-gilly.be\/?page_id=46\"]}]},{\"@type\":\"BreadcrumbList\",\"@id\":\"https:\/\/www.maillon-gilly.be\/?page_id=46#breadcrumb\",\"itemListElement\":[{\"@type\":\"ListItem\",\"position\":1,\"name\":\"Accueil\",\"item\":\"https:\/\/www.maillon-gilly.be\/\"},{\"@type\":\"ListItem\",\"position\":2,\"name\":\"Pr\u00e9sentation\"}]}]}<\/script>\n<!-- \/ Yoast SEO plugin. -->","yoast_head_json":{"title":"Pr\u00e9sentation - Le Maillon Asbl","description":"L'Association de la R\u00e9gion de Charleroi pour l'Aide aux Handicap\u00e9s Mentaux a \u00e9t\u00e9 cr\u00e9\u00e9e le 11 mars 1965.","robots":{"index":"index","follow":"follow","max-snippet":"max-snippet:-1","max-image-preview":"max-image-preview:large","max-video-preview":"max-video-preview:-1"},"canonical":"https:\/\/www.maillon-gilly.be\/?page_id=46","og_locale":"fr_FR","og_type":"article","og_title":"Pr\u00e9sentation - Le Maillon Asbl","og_description":"L'Association de la R\u00e9gion de Charleroi pour l'Aide aux Handicap\u00e9s Mentaux a \u00e9t\u00e9 cr\u00e9\u00e9e le 11 mars 1965.","og_url":"https:\/\/www.maillon-gilly.be\/?page_id=46","og_site_name":"Le Maillon Asbl","article_modified_time":"2017-01-18T16:36:57+00:00","og_image":[{"width":600,"height":307,"url":"https:\/\/www.maillon-gilly.be\/wp-content\/uploads\/2017\/01\/logements_supervises16.jpg","type":"image\/jpeg"}],"twitter_misc":{"Dur\u00e9e de lecture estim\u00e9e":"3 minutes"},"schema":{"@context":"https:\/\/schema.org","@graph":[{"@type":"WebSite","@id":"https:\/\/www.maillon-gilly.be\/#website","url":"https:\/\/www.maillon-gilly.be\/","name":"Le Maillon Asbl","description":"Service r\u00e9sidentiel pour personnes adultes pr\u00e9sentant une d\u00e9ficience mentale","potentialAction":[{"@type":"SearchAction","target":{"@type":"EntryPoint","urlTemplate":"https:\/\/www.maillon-gilly.be\/?s={search_term_string}"},"query-input":"required name=search_term_string"}],"inLanguage":"fr-FR"},{"@type":"ImageObject","@id":"https:\/\/www.maillon-gilly.be\/?page_id=46#primaryimage","inLanguage":"fr-FR","url":"https:\/\/www.maillon-gilly.be\/wp-content\/uploads\/2017\/01\/logements_supervises16.jpg","contentUrl":"https:\/\/www.maillon-gilly.be\/wp-content\/uploads\/2017\/01\/logements_supervises16.jpg","width":600,"height":307},{"@type":"WebPage","@id":"https:\/\/www.maillon-gilly.be\/?page_id=46#webpage","url":"https:\/\/www.maillon-gilly.be\/?page_id=46","name":"Pr\u00e9sentation - Le Maillon Asbl","isPartOf":{"@id":"https:\/\/www.maillon-gilly.be\/#website"},"primaryImageOfPage":{"@id":"https:\/\/www.maillon-gilly.be\/?page_id=46#primaryimage"},"datePublished":"2017-01-12T15:14:55+00:00","dateModified":"2017-01-18T16:36:57+00:00","description":"L'Association de la R\u00e9gion de Charleroi pour l'Aide aux Handicap\u00e9s Mentaux a \u00e9t\u00e9 cr\u00e9\u00e9e le 11 mars 1965.","breadcrumb":{"@id":"https:\/\/www.maillon-gilly.be\/?page_id=46#breadcrumb"},"inLanguage":"fr-FR","potentialAction":[{"@type":"ReadAction","target":["https:\/\/www.maillon-gilly.be\/?page_id=46"]}]},{"@type":"BreadcrumbList","@id":"https:\/\/www.maillon-gilly.be\/?page_id=46#breadcrumb","itemListElement":[{"@type":"ListItem","position":1,"name":"Accueil","item":"https:\/\/www.maillon-gilly.be\/"},{"@type":"ListItem","position":2,"name":"Pr\u00e9sentation"}]}]}},"_links":{"self":[{"href":"https:\/\/www.maillon-gilly.be\/index.php?rest_route=\/wp\/v2\/pages\/46"}],"collection":[{"href":"https:\/\/www.maillon-gilly.be\/index.php?rest_route=\/wp\/v2\/pages"}],"about":[{"href":"https:\/\/www.maillon-gilly.be\/index.php?rest_route=\/wp\/v2\/types\/page"}],"author":[{"embeddable":true,"href":"https:\/\/www.maillon-gilly.be\/index.php?rest_route=\/wp\/v2\/users\/1"}],"replies":[{"embeddable":true,"href":"https:\/\/www.maillon-gilly.be\/index.php?rest_route=%2Fwp%2Fv2%2Fcomments&post=46"}],"version-history":[{"count":11,"href":"https:\/\/www.maillon-gilly.be\/index.php?rest_route=\/wp\/v2\/pages\/46\/revisions"}],"predecessor-version":[{"id":264,"href":"https:\/\/www.maillon-gilly.be\/index.php?rest_route=\/wp\/v2\/pages\/46\/revisions\/264"}],"wp:featuredmedia":[{"embeddable":true,"href":"https:\/\/www.maillon-gilly.be\/index.php?rest_route=\/wp\/v2\/media\/45"}],"wp:attachment":[{"href":"https:\/\/www.maillon-gilly.be\/index.php?rest_route=%2Fwp%2Fv2%2Fmedia&parent=46"}],"curies":[{"name":"wp","href":"https:\/\/api.w.org\/{rel}","templated":true}]}}